{"id":1309,"date":"2025-02-19T20:54:19","date_gmt":"2025-02-19T20:54:19","guid":{"rendered":"https:\/\/hermandadpasionymuerte.es\/?page_id=1309"},"modified":"2025-02-26T12:53:06","modified_gmt":"2025-02-26T12:53:06","slug":"ntra-sra-del-desconsuelo-y-visitacion","status":"publish","type":"page","link":"https:\/\/hermandadpasionymuerte.es\/?page_id=1309","title":{"rendered":"NTRA. SRA. DEL DESCONSUELO Y VISITACI\u00d3N"},"content":{"rendered":"\t\t<div data-elementor-type=\"wp-page\" data-elementor-id=\"1309\" class=\"elementor elementor-1309\" data-elementor-post-type=\"page\">\n\t\t\t\t<div class=\"elementor-element elementor-element-f1aba0f e-flex e-con-boxed e-con e-parent\" data-id=\"f1aba0f\" data-element_type=\"container\" data-e-type=\"container\">\n\t\t\t\t\t<div class=\"e-con-inner\">\n\t\t\t\t<div class=\"elementor-element elementor-element-2827424 elementor-widget-divider--view-line_text elementor-widget-divider--element-align-center elementor-widget elementor-widget-divider\" data-id=\"2827424\" data-element_type=\"widget\" data-e-type=\"widget\" data-widget_type=\"divider.default\">\n\t\t\t\t<div class=\"elementor-widget-container\">\n\t\t\t\t\t\t\t<div class=\"elementor-divider\">\n\t\t\t<span class=\"elementor-divider-separator\">\n\t\t\t\t\t\t<\/span>\n\t\t<\/div>\n\t\t\t\t\t\t<\/div>\n\t\t\t\t<\/div>\n\t\t\t\t\t<\/div>\n\t\t\t\t<\/div>\n\t\t<div class=\"elementor-element elementor-element-4a07c4b e-flex e-con-boxed e-con e-parent\" data-id=\"4a07c4b\" data-element_type=\"container\" data-e-type=\"container\">\n\t\t\t\t\t<div class=\"e-con-inner\">\n\t\t\t\t<div class=\"elementor-element elementor-element-cd7d2b8 elementor-widget elementor-widget-heading\" data-id=\"cd7d2b8\" data-element_type=\"widget\" data-e-type=\"widget\" data-widget_type=\"heading.default\">\n\t\t\t\t<div class=\"elementor-widget-container\">\n\t\t\t\t\t<h2 class=\"elementor-heading-title elementor-size-default\">Ntra. Sra. del Desconsuelo y Visitaci\u00f3n<\/h2>\t\t\t\t<\/div>\n\t\t\t\t<\/div>\n\t\t\t\t\t<\/div>\n\t\t\t\t<\/div>\n\t\t<div class=\"elementor-element elementor-element-dc6447e e-flex e-con-boxed e-con e-parent\" data-id=\"dc6447e\" data-element_type=\"container\" data-e-type=\"container\">\n\t\t\t\t\t<div class=\"e-con-inner\">\n\t\t<div class=\"elementor-element elementor-element-65b4e2c e-con-full e-flex e-con e-child\" data-id=\"65b4e2c\" data-element_type=\"container\" data-e-type=\"container\">\n\t\t\t\t<div class=\"elementor-element elementor-element-0270917 elementor-widget elementor-widget-image\" data-id=\"0270917\" data-element_type=\"widget\" data-e-type=\"widget\" data-widget_type=\"image.default\">\n\t\t\t\t<div class=\"elementor-widget-container\">\n\t\t\t\t\t\t\t\t\t\t\t\t\t\t\t<img fetchpriority=\"high\" decoding=\"async\" width=\"683\" height=\"1024\" src=\"https:\/\/hermandadpasionymuerte.es\/wp-content\/uploads\/2025\/02\/virgen1-683x1024.jpg\" class=\"attachment-large size-large wp-image-1895\" alt=\"\" srcset=\"https:\/\/hermandadpasionymuerte.es\/wp-content\/uploads\/2025\/02\/virgen1-683x1024.jpg 683w, https:\/\/hermandadpasionymuerte.es\/wp-content\/uploads\/2025\/02\/virgen1-200x300.jpg 200w, https:\/\/hermandadpasionymuerte.es\/wp-content\/uploads\/2025\/02\/virgen1-768x1152.jpg 768w, https:\/\/hermandadpasionymuerte.es\/wp-content\/uploads\/2025\/02\/virgen1-1024x1536.jpg 1024w, https:\/\/hermandadpasionymuerte.es\/wp-content\/uploads\/2025\/02\/virgen1-1366x2048.jpg 1366w, https:\/\/hermandadpasionymuerte.es\/wp-content\/uploads\/2025\/02\/virgen1-scaled.jpg 1707w\" sizes=\"(max-width: 683px) 100vw, 683px\" \/>\t\t\t\t\t\t\t\t\t\t\t\t\t\t\t<\/div>\n\t\t\t\t<\/div>\n\t\t\t\t<\/div>\n\t\t<div class=\"elementor-element elementor-element-0d19e4d e-con-full e-flex e-con e-child\" data-id=\"0d19e4d\" data-element_type=\"container\" data-e-type=\"container\">\n\t\t\t\t<div class=\"elementor-element elementor-element-fb56c7e elementor-widget elementor-widget-text-editor\" data-id=\"fb56c7e\" data-element_type=\"widget\" data-e-type=\"widget\" data-widget_type=\"text-editor.default\">\n\t\t\t\t<div class=\"elementor-widget-container\">\n\t\t\t\t\t\t\t\t\t<p>La imagen de Nuestra Se\u00f1ora del Desconsuelo y Visitaci\u00f3n es obra tambi\u00e9n de N.H.D. Jos\u00e9 Antonio Navarro Arteaga, realizada en el a\u00f1o 2001 con una clara vocaci\u00f3n procesional y responde iconogr\u00e1ficamente a las caracter\u00edsticas propias de una dolorosa de rasgos dieciochescos de la escuela granadina, semblante maduro y realista que refleja una compungida aflicci\u00f3n.<\/p><p>La imagen presenta una ca\u00edda hacia la izquierda, la cual, unida a las manos entrelazadas a\u00f1aden un fuerte grado de expresividad a la talla. La boca est\u00e1 trabajada con minuciosidad, dejando entrever un esbozo de dientes y lengua. El tratamiento del labio inferior nos sugiere el hecho de que Mar\u00eda, abrumada por el dolor, rece una plegaria. El ce\u00f1o y arco supraciliar est\u00e1n modelados realzando la honda tristeza de la imagen, estando en conjunto con lo anterior, la posici\u00f3n de p\u00e1rpados y las marcadas ojeras. Los iris son de tonos azulados cayendo tres l\u00e1grimas por su rostro, dos por la mejilla izquierda y una por la derecha. Los regueros que dejan las mismas tambi\u00e9n aparecen.<\/p><p>La policrom\u00eda muestra unas p\u00e1lidas facciones, con las que contrastan fuertemente los rubores en ambos p\u00f3mulos y manos. Una de las particularidades m\u00e1s importantes que posee la talla es la aparici\u00f3n de rasgos relativos a la madurez de Mar\u00eda en los momentos de la crucifixi\u00f3n de Jes\u00fas, como las manchas de edad en las manos. Como curiosidad nos encontramos con la \u00fanica dolorosa de manos entrelazadas de la Semana Santa de Sevilla.<\/p><p>La imagen fue bendecida junto a la imagen del Stmo. Cristo de Pasi\u00f3n y Muerte por el entonces Arzobispo de Sevilla, el Excmo. y Rvdmo. Sr. D. Carlos Amigo Vallejo, el 22 de marzo de 2002.<\/p><p style=\"text-align: justify;\">A pesar de que la imagen no procesione en la Estaci\u00f3n de Penitencia del Viernes de Dolores, desde 2012 se realiza un Rosario P\u00fablico por las calles de la feligres\u00eda presidida por la misma. Ese primer a\u00f1o, al cumplirse el X aniversario de la bendici\u00f3n de la imagen y al ser el primer culto externo que presid\u00eda, el Rosario recorri\u00f3 las calles de Triana hasta llegar a la Capilla de la Hermandad de la Estrella. En esta visita, recibi\u00f3 una r\u00e9plica de la joya con forma de estrella, caracter\u00edstica de Mar\u00eda Stma. de la Estrella, como muestra de la uni\u00f3n entre hermandad madrina y ahijada.<\/p>\t\t\t\t\t\t\t\t<\/div>\n\t\t\t\t<\/div>\n\t\t\t\t<div class=\"elementor-element elementor-element-048982b elementor-widget elementor-widget-image\" data-id=\"048982b\" data-element_type=\"widget\" data-e-type=\"widget\" data-widget_type=\"image.default\">\n\t\t\t\t<div class=\"elementor-widget-container\">\n\t\t\t\t\t\t\t\t\t\t\t\t\t\t\t<img decoding=\"async\" width=\"1024\" height=\"683\" src=\"https:\/\/hermandadpasionymuerte.es\/wp-content\/uploads\/2025\/02\/virgen2-1024x683.jpg\" class=\"attachment-large size-large wp-image-1896\" alt=\"\" srcset=\"https:\/\/hermandadpasionymuerte.es\/wp-content\/uploads\/2025\/02\/virgen2-1024x683.jpg 1024w, https:\/\/hermandadpasionymuerte.es\/wp-content\/uploads\/2025\/02\/virgen2-300x200.jpg 300w, https:\/\/hermandadpasionymuerte.es\/wp-content\/uploads\/2025\/02\/virgen2-768x512.jpg 768w, https:\/\/hermandadpasionymuerte.es\/wp-content\/uploads\/2025\/02\/virgen2.jpg 1200w\" sizes=\"(max-width: 1024px) 100vw, 1024px\" \/>\t\t\t\t\t\t\t\t\t\t\t\t\t\t\t<\/div>\n\t\t\t\t<\/div>\n\t\t\t\t<\/div>\n\t\t\t\t\t<\/div>\n\t\t\t\t<\/div>\n\t\t\t\t<\/div>\n\t\t","protected":false},"excerpt":{"rendered":"<p>Ntra. Sra. del Desconsuelo y Visitaci\u00f3n La imagen de Nuestra Se\u00f1ora del Desconsuelo y Visitaci\u00f3n es obra tambi\u00e9n de N.H.D. [&hellip;]<\/p>\n","protected":false},"author":1,"featured_media":0,"parent":0,"menu_order":0,"comment_status":"closed","ping_status":"closed","template":"","meta":{"site-sidebar-layout":"no-sidebar","site-content-layout":"","ast-site-content-layout":"full-width-container","site-content-style":"default","site-sidebar-style":"default","ast-global-header-display":"","ast-banner-title-visibility":"","ast-main-header-display":"","ast-hfb-above-header-display":"","ast-hfb-below-header-display":"","ast-hfb-mobile-header-display":"","site-post-title":"disabled","ast-breadcrumbs-content":"","ast-featured-img":"disabled","footer-sml-layout":"","ast-disable-related-posts":"","theme-transparent-header-meta":"","adv-header-id-meta":"","stick-header-meta":"","header-above-stick-meta":"","header-main-stick-meta":"","header-below-stick-meta":"","astra-migrate-meta-layouts":"default","ast-page-background-enabled":"default","ast-page-background-meta":{"desktop":{"background-color":"var(--ast-global-color-5)","background-image":"","background-repeat":"repeat","background-position":"center center","background-size":"auto","background-attachment":"scroll","background-type":"","background-media":"","overlay-type":"","overlay-color":"","overlay-opacity":"","overlay-gradient":""},"tablet":{"background-color":"","background-image":"","background-repeat":"repeat","background-position":"center center","background-size":"auto","background-attachment":"scroll","background-type":"","background-media":"","overlay-type":"","overlay-color":"","overlay-opacity":"","overlay-gradient":""},"mobile":{"background-color":"","background-image":"","background-repeat":"repeat","background-position":"center center","background-size":"auto","background-attachment":"scroll","background-type":"","background-media":"","overlay-type":"","overlay-color":"","overlay-opacity":"","overlay-gradient":""}},"ast-content-background-meta":{"desktop":{"background-color":"var(--ast-global-color-4)","background-image":"","background-repeat":"repeat","background-position":"center center","background-size":"auto","background-attachment":"scroll","background-type":"","background-media":"","overlay-type":"","overlay-color":"","overlay-opacity":"","overlay-gradient":""},"tablet":{"background-color":"var(--ast-global-color-4)","background-image":"","background-repeat":"repeat","background-position":"center center","background-size":"auto","background-attachment":"scroll","background-type":"","background-media":"","overlay-type":"","overlay-color":"","overlay-opacity":"","overlay-gradient":""},"mobile":{"background-color":"var(--ast-global-color-4)","background-image":"","background-repeat":"repeat","background-position":"center center","background-size":"auto","background-attachment":"scroll","background-type":"","background-media":"","overlay-type":"","overlay-color":"","overlay-opacity":"","overlay-gradient":""}},"footnotes":""},"class_list":["post-1309","page","type-page","status-publish","hentry"],"_links":{"self":[{"href":"https:\/\/hermandadpasionymuerte.es\/index.php?rest_route=\/wp\/v2\/pages\/1309","targetHints":{"allow":["GET"]}}],"collection":[{"href":"https:\/\/hermandadpasionymuerte.es\/index.php?rest_route=\/wp\/v2\/pages"}],"about":[{"href":"https:\/\/hermandadpasionymuerte.es\/index.php?rest_route=\/wp\/v2\/types\/page"}],"author":[{"embeddable":true,"href":"https:\/\/hermandadpasionymuerte.es\/index.php?rest_route=\/wp\/v2\/users\/1"}],"replies":[{"embeddable":true,"href":"https:\/\/hermandadpasionymuerte.es\/index.php?rest_route=%2Fwp%2Fv2%2Fcomments&post=1309"}],"version-history":[{"count":10,"href":"https:\/\/hermandadpasionymuerte.es\/index.php?rest_route=\/wp\/v2\/pages\/1309\/revisions"}],"predecessor-version":[{"id":1899,"href":"https:\/\/hermandadpasionymuerte.es\/index.php?rest_route=\/wp\/v2\/pages\/1309\/revisions\/1899"}],"wp:attachment":[{"href":"https:\/\/hermandadpasionymuerte.es\/index.php?rest_route=%2Fwp%2Fv2%2Fmedia&parent=1309"}],"curies":[{"name":"wp","href":"https:\/\/api.w.org\/{rel}","templated":true}]}}