{"id":1316,"date":"2025-02-20T07:50:10","date_gmt":"2025-02-20T07:50:10","guid":{"rendered":"https:\/\/hermandadpasionymuerte.es\/?page_id=1316"},"modified":"2025-05-02T11:07:51","modified_gmt":"2025-05-02T11:07:51","slug":"junta-de-gobierno","status":"publish","type":"page","link":"https:\/\/hermandadpasionymuerte.es\/?page_id=1316","title":{"rendered":"JUNTA DE GOBIERNO"},"content":{"rendered":"\t\t<div data-elementor-type=\"wp-page\" data-elementor-id=\"1316\" class=\"elementor elementor-1316\" data-elementor-post-type=\"page\">\n\t\t\t\t<div class=\"elementor-element elementor-element-68be7e1 e-flex e-con-boxed e-con e-parent\" data-id=\"68be7e1\" data-element_type=\"container\" data-e-type=\"container\">\n\t\t\t\t\t<div class=\"e-con-inner\">\n\t\t\t\t<div class=\"elementor-element elementor-element-edaa4a7 e-transform elementor-widget elementor-widget-image\" data-id=\"edaa4a7\" data-element_type=\"widget\" data-e-type=\"widget\" data-settings=\"{&quot;_transform_scale_effect&quot;:{&quot;unit&quot;:&quot;px&quot;,&quot;size&quot;:&quot;&quot;,&quot;sizes&quot;:[]},&quot;_transform_scale_effect_tablet&quot;:{&quot;unit&quot;:&quot;px&quot;,&quot;size&quot;:&quot;&quot;,&quot;sizes&quot;:[]},&quot;_transform_scale_effect_mobile&quot;:{&quot;unit&quot;:&quot;px&quot;,&quot;size&quot;:&quot;&quot;,&quot;sizes&quot;:[]}}\" data-widget_type=\"image.default\">\n\t\t\t\t<div class=\"elementor-widget-container\">\n\t\t\t\t\t\t\t\t\t\t\t\t\t\t\t<img fetchpriority=\"high\" decoding=\"async\" width=\"1600\" height=\"1068\" src=\"https:\/\/hermandadpasionymuerte.es\/wp-content\/uploads\/2025\/02\/Junta-de-Gobierno.jpg\" class=\"attachment-full size-full wp-image-1773\" alt=\"\" srcset=\"https:\/\/hermandadpasionymuerte.es\/wp-content\/uploads\/2025\/02\/Junta-de-Gobierno.jpg 1600w, https:\/\/hermandadpasionymuerte.es\/wp-content\/uploads\/2025\/02\/Junta-de-Gobierno-300x200.jpg 300w, https:\/\/hermandadpasionymuerte.es\/wp-content\/uploads\/2025\/02\/Junta-de-Gobierno-1024x684.jpg 1024w, https:\/\/hermandadpasionymuerte.es\/wp-content\/uploads\/2025\/02\/Junta-de-Gobierno-768x513.jpg 768w, https:\/\/hermandadpasionymuerte.es\/wp-content\/uploads\/2025\/02\/Junta-de-Gobierno-1536x1025.jpg 1536w\" sizes=\"(max-width: 1600px) 100vw, 1600px\" \/>\t\t\t\t\t\t\t\t\t\t\t\t\t\t\t<\/div>\n\t\t\t\t<\/div>\n\t\t\t\t<div class=\"elementor-element elementor-element-79cf72a elementor-widget elementor-widget-text-editor\" data-id=\"79cf72a\" data-element_type=\"widget\" data-e-type=\"widget\" data-widget_type=\"text-editor.default\">\n\t\t\t\t<div class=\"elementor-widget-container\">\n\t\t\t\t\t\t\t\t\t<p>Director Espiritual: Muy Iltre. Sr. D. Borja N\u00fa\u00f1ez Delgado.<\/p><p>Hermano Mayor: N.H.D. Rafael Mar\u00eda Romero Trivi\u00f1o<\/p><p>Teniente de Hermano Mayor: N.H.D. Manuel Pablo Rodr\u00edguez Rodr\u00edguez<\/p><p>Consiliario Primero: N.H.D. V\u00edctor Manuel Castro S\u00e1nchez<\/p><p>Consiliario Segundo: N.H.D. Rafael Romero Mart\u00edn<\/p><p>Fiscal: N.H.D. Manuel Baraja Escudero<\/p><p>Mayordomo Primero: N.H.D. Jos\u00e9 Enrique Romero R\u00edos<\/p><p>Mayordomo Segundo: N.H.D. Antonio Rodr\u00edguez Rodr\u00edguez<\/p><p>Secretario Primero: N.H.D. Miguel \u00c1ngel Ferreiro Morales<\/p><p>Secretaria Segunda: N.H.D.\u00aa Carmen Romero R\u00edos<\/p><p>Prioste Primero: N.H.D. Rodolfo de la Vega Torres<\/p><p>Prioste Segundo: N.H.D. \u00c1ngel H\u00e9ctor Rodr\u00edguez Garc\u00eda<\/p><p>Diputada de Cultos y Formaci\u00f3n: N.H.D.\u00aa Aurora Romero Mart\u00edn<\/p><p>Diputado de Caridad: N.H.D. Jos\u00e9 Pedro Castro Lozano<\/p><p>\u00a0<\/p><p style=\"text-align: justify;\">Conoce las anteriores Juntas de Gobierno pinchando el siguiente enlace:\u00a0<\/p><p style=\"text-align: center;\"><a href=\"https:\/\/hermandadpasionymuerte.es\/?page_id=2532\">Juntas de Gobierno (1993-2024)<\/a><\/p>\t\t\t\t\t\t\t\t<\/div>\n\t\t\t\t<\/div>\n\t\t\t\t\t<\/div>\n\t\t\t\t<\/div>\n\t\t\t\t<\/div>\n\t\t","protected":false},"excerpt":{"rendered":"<p>Director Espiritual: Muy Iltre. Sr. D. Borja N\u00fa\u00f1ez Delgado. Hermano Mayor: N.H.D. Rafael Mar\u00eda Romero Trivi\u00f1o Teniente de Hermano Mayor: [&hellip;]<\/p>\n","protected":false},"author":1,"featured_media":1773,"parent":0,"menu_order":0,"comment_status":"closed","ping_status":"closed","template":"","meta":{"site-sidebar-layout":"no-sidebar","site-content-layout":"","ast-site-content-layout":"full-width-container","site-content-style":"default","site-sidebar-style":"default","ast-global-header-display":"","ast-banner-title-visibility":"","ast-main-header-display":"","ast-hfb-above-header-display":"","ast-hfb-below-header-display":"","ast-hfb-mobile-header-display":"","site-post-title":"disabled","ast-breadcrumbs-content":"","ast-featured-img":"disabled","footer-sml-layout":"","ast-disable-related-posts":"","theme-transparent-header-meta":"","adv-header-id-meta":"","stick-header-meta":"","header-above-stick-meta":"","header-main-stick-meta":"","header-below-stick-meta":"","astra-migrate-meta-layouts":"default","ast-page-background-enabled":"default","ast-page-background-meta":{"desktop":{"background-color":"var(--ast-global-color-5)","background-image":"","background-repeat":"repeat","background-position":"center center","background-size":"auto","background-attachment":"scroll","background-type":"","background-media":"","overlay-type":"","overlay-color":"","overlay-opacity":"","overlay-gradient":""},"tablet":{"background-color":"","background-image":"","background-repeat":"repeat","background-position":"center center","background-size":"auto","background-attachment":"scroll","background-type":"","background-media":"","overlay-type":"","overlay-color":"","overlay-opacity":"","overlay-gradient":""},"mobile":{"background-color":"","background-image":"","background-repeat":"repeat","background-position":"center center","background-size":"auto","background-attachment":"scroll","background-type":"","background-media":"","overlay-type":"","overlay-color":"","overlay-opacity":"","overlay-gradient":""}},"ast-content-background-meta":{"desktop":{"background-color":"var(--ast-global-color-4)","background-image":"","background-repeat":"repeat","background-position":"center center","background-size":"auto","background-attachment":"scroll","background-type":"","background-media":"","overlay-type":"","overlay-color":"","overlay-opacity":"","overlay-gradient":""},"tablet":{"background-color":"var(--ast-global-color-4)","background-image":"","background-repeat":"repeat","background-position":"center center","background-size":"auto","background-attachment":"scroll","background-type":"","background-media":"","overlay-type":"","overlay-color":"","overlay-opacity":"","overlay-gradient":""},"mobile":{"background-color":"var(--ast-global-color-4)","background-image":"","background-repeat":"repeat","background-position":"center center","background-size":"auto","background-attachment":"scroll","background-type":"","background-media":"","overlay-type":"","overlay-color":"","overlay-opacity":"","overlay-gradient":""}},"footnotes":""},"class_list":["post-1316","page","type-page","status-publish","has-post-thumbnail","hentry"],"_links":{"self":[{"href":"https:\/\/hermandadpasionymuerte.es\/index.php?rest_route=\/wp\/v2\/pages\/1316","targetHints":{"allow":["GET"]}}],"collection":[{"href":"https:\/\/hermandadpasionymuerte.es\/index.php?rest_route=\/wp\/v2\/pages"}],"about":[{"href":"https:\/\/hermandadpasionymuerte.es\/index.php?rest_route=\/wp\/v2\/types\/page"}],"author":[{"embeddable":true,"href":"https:\/\/hermandadpasionymuerte.es\/index.php?rest_route=\/wp\/v2\/users\/1"}],"replies":[{"embeddable":true,"href":"https:\/\/hermandadpasionymuerte.es\/index.php?rest_route=%2Fwp%2Fv2%2Fcomments&post=1316"}],"version-history":[{"count":16,"href":"https:\/\/hermandadpasionymuerte.es\/index.php?rest_route=\/wp\/v2\/pages\/1316\/revisions"}],"predecessor-version":[{"id":2547,"href":"https:\/\/hermandadpasionymuerte.es\/index.php?rest_route=\/wp\/v2\/pages\/1316\/revisions\/2547"}],"wp:featuredmedia":[{"embeddable":true,"href":"https:\/\/hermandadpasionymuerte.es\/index.php?rest_route=\/wp\/v2\/media\/1773"}],"wp:attachment":[{"href":"https:\/\/hermandadpasionymuerte.es\/index.php?rest_route=%2Fwp%2Fv2%2Fmedia&parent=1316"}],"curies":[{"name":"wp","href":"https:\/\/api.w.org\/{rel}","templated":true}]}}