{"id":1320,"date":"2025-02-20T07:50:46","date_gmt":"2025-02-20T07:50:46","guid":{"rendered":"https:\/\/hermandadpasionymuerte.es\/?page_id=1320"},"modified":"2025-03-18T12:42:40","modified_gmt":"2025-03-18T12:42:40","slug":"mayordomia","status":"publish","type":"page","link":"https:\/\/hermandadpasionymuerte.es\/?page_id=1320","title":{"rendered":"MAYORDOM\u00cdA"},"content":{"rendered":"\t\t<div data-elementor-type=\"wp-page\" data-elementor-id=\"1320\" class=\"elementor elementor-1320\" data-elementor-post-type=\"page\">\n\t\t\t\t<div class=\"elementor-element elementor-element-e1f65fd e-flex e-con-boxed e-con e-parent\" data-id=\"e1f65fd\" data-element_type=\"container\" data-e-type=\"container\">\n\t\t\t\t\t<div class=\"e-con-inner\">\n\t\t\t\t<div class=\"elementor-element elementor-element-f04912f elementor-widget elementor-widget-text-editor\" data-id=\"f04912f\" data-element_type=\"widget\" data-e-type=\"widget\" data-widget_type=\"text-editor.default\">\n\t\t\t\t<div class=\"elementor-widget-container\">\n\t\t\t\t\t\t\t\t\t<p data-start=\"162\" data-end=\"439\">Nos complace anunciar que nuestra Hermandad ha establecido acuerdos con varias empresas para ofrecer ventajas y descuentos especiales a todos los hermanos. Gracias a estos convenios, podr\u00e9is disfrutar de servicios y productos con condiciones exclusivas.<\/p><p data-start=\"162\" data-end=\"439\">\u00a0<\/p><p data-start=\"441\" data-end=\"626\">Para m\u00e1s informaci\u00f3n sobre los beneficios y c\u00f3mo acceder a ellos, pod\u00e9is contactar con la Mayordom\u00eda a trav\u00e9s del correo electr\u00f3nico:<\/p><p data-start=\"441\" data-end=\"626\">\u00a0<\/p><p style=\"text-align: center;\" data-start=\"441\" data-end=\"626\">\u00a0<strong data-start=\"584\" data-end=\"624\"><a rel=\"noopener\" data-start=\"586\" data-end=\"622\">mayordomia@hermandadpasionymuerte.es<\/a><\/strong><\/p><p data-start=\"441\" data-end=\"626\">\u00a0<\/p><p data-start=\"628\" data-end=\"741\">\u00a1Aprovechad esta oportunidad y seguid apoyando a nuestra Hermandad y a las empresas que colaboran con nosotros!<\/p>\t\t\t\t\t\t\t\t<\/div>\n\t\t\t\t<\/div>\n\t\t\t\t\t<\/div>\n\t\t\t\t<\/div>\n\t\t<div class=\"elementor-element elementor-element-b78a641 e-grid e-con-boxed e-con e-parent\" data-id=\"b78a641\" data-element_type=\"container\" data-e-type=\"container\">\n\t\t\t\t\t<div class=\"e-con-inner\">\n\t\t\t\t<div class=\"elementor-element elementor-element-7bb6c11 elementor-widget elementor-widget-image\" data-id=\"7bb6c11\" data-element_type=\"widget\" data-e-type=\"widget\" data-widget_type=\"image.default\">\n\t\t\t\t<div class=\"elementor-widget-container\">\n\t\t\t\t\t\t\t\t\t\t\t\t\t\t\t<img fetchpriority=\"high\" decoding=\"async\" width=\"1007\" height=\"1024\" src=\"https:\/\/hermandadpasionymuerte.es\/wp-content\/uploads\/2025\/03\/11-TINTORERIA-NIEBLA-1007x1024.png\" class=\"attachment-large size-large wp-image-2140\" alt=\"\" srcset=\"https:\/\/hermandadpasionymuerte.es\/wp-content\/uploads\/2025\/03\/11-TINTORERIA-NIEBLA-1007x1024.png 1007w, https:\/\/hermandadpasionymuerte.es\/wp-content\/uploads\/2025\/03\/11-TINTORERIA-NIEBLA-295x300.png 295w, https:\/\/hermandadpasionymuerte.es\/wp-content\/uploads\/2025\/03\/11-TINTORERIA-NIEBLA-768x781.png 768w, https:\/\/hermandadpasionymuerte.es\/wp-content\/uploads\/2025\/03\/11-TINTORERIA-NIEBLA.png 1063w\" sizes=\"(max-width: 1007px) 100vw, 1007px\" \/>\t\t\t\t\t\t\t\t\t\t\t\t\t\t\t<\/div>\n\t\t\t\t<\/div>\n\t\t\t\t<div class=\"elementor-element elementor-element-25437dd elementor-widget elementor-widget-image\" data-id=\"25437dd\" data-element_type=\"widget\" data-e-type=\"widget\" data-widget_type=\"image.default\">\n\t\t\t\t<div class=\"elementor-widget-container\">\n\t\t\t\t\t\t\t\t\t\t\t\t\t\t\t<img decoding=\"async\" width=\"1007\" height=\"1024\" src=\"https:\/\/hermandadpasionymuerte.es\/wp-content\/uploads\/2025\/03\/10-TERRITORIO-COFRADE-1007x1024.png\" class=\"attachment-large size-large wp-image-2139\" alt=\"\" srcset=\"https:\/\/hermandadpasionymuerte.es\/wp-content\/uploads\/2025\/03\/10-TERRITORIO-COFRADE-1007x1024.png 1007w, https:\/\/hermandadpasionymuerte.es\/wp-content\/uploads\/2025\/03\/10-TERRITORIO-COFRADE-295x300.png 295w, https:\/\/hermandadpasionymuerte.es\/wp-content\/uploads\/2025\/03\/10-TERRITORIO-COFRADE-768x781.png 768w, https:\/\/hermandadpasionymuerte.es\/wp-content\/uploads\/2025\/03\/10-TERRITORIO-COFRADE.png 1063w\" sizes=\"(max-width: 1007px) 100vw, 1007px\" \/>\t\t\t\t\t\t\t\t\t\t\t\t\t\t\t<\/div>\n\t\t\t\t<\/div>\n\t\t\t\t<div class=\"elementor-element elementor-element-0f7fcc3 elementor-widget elementor-widget-image\" data-id=\"0f7fcc3\" data-element_type=\"widget\" data-e-type=\"widget\" data-widget_type=\"image.default\">\n\t\t\t\t<div class=\"elementor-widget-container\">\n\t\t\t\t\t\t\t\t\t\t\t\t\t\t\t<img decoding=\"async\" width=\"1007\" height=\"1024\" src=\"https:\/\/hermandadpasionymuerte.es\/wp-content\/uploads\/2025\/03\/9-DIAZ-CADENAS-1007x1024.png\" class=\"attachment-large size-large wp-image-2138\" alt=\"\" srcset=\"https:\/\/hermandadpasionymuerte.es\/wp-content\/uploads\/2025\/03\/9-DIAZ-CADENAS-1007x1024.png 1007w, https:\/\/hermandadpasionymuerte.es\/wp-content\/uploads\/2025\/03\/9-DIAZ-CADENAS-295x300.png 295w, https:\/\/hermandadpasionymuerte.es\/wp-content\/uploads\/2025\/03\/9-DIAZ-CADENAS-768x781.png 768w, https:\/\/hermandadpasionymuerte.es\/wp-content\/uploads\/2025\/03\/9-DIAZ-CADENAS.png 1063w\" sizes=\"(max-width: 1007px) 100vw, 1007px\" \/>\t\t\t\t\t\t\t\t\t\t\t\t\t\t\t<\/div>\n\t\t\t\t<\/div>\n\t\t\t\t<div class=\"elementor-element elementor-element-6bd60be elementor-widget elementor-widget-image\" data-id=\"6bd60be\" data-element_type=\"widget\" data-e-type=\"widget\" data-widget_type=\"image.default\">\n\t\t\t\t<div class=\"elementor-widget-container\">\n\t\t\t\t\t\t\t\t\t\t\t\t\t\t\t<img loading=\"lazy\" decoding=\"async\" width=\"1007\" height=\"1024\" src=\"https:\/\/hermandadpasionymuerte.es\/wp-content\/uploads\/2025\/03\/8-MARQUETERIA-NIEBLA-1007x1024.png\" class=\"attachment-large size-large wp-image-2137\" alt=\"\" srcset=\"https:\/\/hermandadpasionymuerte.es\/wp-content\/uploads\/2025\/03\/8-MARQUETERIA-NIEBLA-1007x1024.png 1007w, https:\/\/hermandadpasionymuerte.es\/wp-content\/uploads\/2025\/03\/8-MARQUETERIA-NIEBLA-295x300.png 295w, https:\/\/hermandadpasionymuerte.es\/wp-content\/uploads\/2025\/03\/8-MARQUETERIA-NIEBLA-768x781.png 768w, https:\/\/hermandadpasionymuerte.es\/wp-content\/uploads\/2025\/03\/8-MARQUETERIA-NIEBLA.png 1063w\" sizes=\"(max-width: 1007px) 100vw, 1007px\" \/>\t\t\t\t\t\t\t\t\t\t\t\t\t\t\t<\/div>\n\t\t\t\t<\/div>\n\t\t\t\t\t<\/div>\n\t\t\t\t<\/div>\n\t\t\t\t<\/div>\n\t\t","protected":false},"excerpt":{"rendered":"<p>Nos complace anunciar que nuestra Hermandad ha establecido acuerdos con varias empresas para ofrecer ventajas y descuentos especiales a todos [&hellip;]<\/p>\n","protected":false},"author":1,"featured_media":0,"parent":0,"menu_order":0,"comment_status":"closed","ping_status":"closed","template":"","meta":{"site-sidebar-layout":"no-sidebar","site-content-layout":"","ast-site-content-layout":"full-width-container","site-content-style":"default","site-sidebar-style":"default","ast-global-header-display":"","ast-banner-title-visibility":"","ast-main-header-display":"","ast-hfb-above-header-display":"","ast-hfb-below-header-display":"","ast-hfb-mobile-header-display":"","site-post-title":"disabled","ast-breadcrumbs-content":"","ast-featured-img":"disabled","footer-sml-layout":"","ast-disable-related-posts":"","theme-transparent-header-meta":"","adv-header-id-meta":"","stick-header-meta":"","header-above-stick-meta":"","header-main-stick-meta":"","header-below-stick-meta":"","astra-migrate-meta-layouts":"default","ast-page-background-enabled":"default","ast-page-background-meta":{"desktop":{"background-color":"var(--ast-global-color-5)","background-image":"","background-repeat":"repeat","background-position":"center center","background-size":"auto","background-attachment":"scroll","background-type":"","background-media":"","overlay-type":"","overlay-color":"","overlay-opacity":"","overlay-gradient":""},"tablet":{"background-color":"","background-image":"","background-repeat":"repeat","background-position":"center center","background-size":"auto","background-attachment":"scroll","background-type":"","background-media":"","overlay-type":"","overlay-color":"","overlay-opacity":"","overlay-gradient":""},"mobile":{"background-color":"","background-image":"","background-repeat":"repeat","background-position":"center center","background-size":"auto","background-attachment":"scroll","background-type":"","background-media":"","overlay-type":"","overlay-color":"","overlay-opacity":"","overlay-gradient":""}},"ast-content-background-meta":{"desktop":{"background-color":"var(--ast-global-color-4)","background-image":"","background-repeat":"repeat","background-position":"center center","background-size":"auto","background-attachment":"scroll","background-type":"","background-media":"","overlay-type":"","overlay-color":"","overlay-opacity":"","overlay-gradient":""},"tablet":{"background-color":"var(--ast-global-color-4)","background-image":"","background-repeat":"repeat","background-position":"center center","background-size":"auto","background-attachment":"scroll","background-type":"","background-media":"","overlay-type":"","overlay-color":"","overlay-opacity":"","overlay-gradient":""},"mobile":{"background-color":"var(--ast-global-color-4)","background-image":"","background-repeat":"repeat","background-position":"center center","background-size":"auto","background-attachment":"scroll","background-type":"","background-media":"","overlay-type":"","overlay-color":"","overlay-opacity":"","overlay-gradient":""}},"footnotes":""},"class_list":["post-1320","page","type-page","status-publish","hentry"],"_links":{"self":[{"href":"https:\/\/hermandadpasionymuerte.es\/index.php?rest_route=\/wp\/v2\/pages\/1320","targetHints":{"allow":["GET"]}}],"collection":[{"href":"https:\/\/hermandadpasionymuerte.es\/index.php?rest_route=\/wp\/v2\/pages"}],"about":[{"href":"https:\/\/hermandadpasionymuerte.es\/index.php?rest_route=\/wp\/v2\/types\/page"}],"author":[{"embeddable":true,"href":"https:\/\/hermandadpasionymuerte.es\/index.php?rest_route=\/wp\/v2\/users\/1"}],"replies":[{"embeddable":true,"href":"https:\/\/hermandadpasionymuerte.es\/index.php?rest_route=%2Fwp%2Fv2%2Fcomments&post=1320"}],"version-history":[{"count":13,"href":"https:\/\/hermandadpasionymuerte.es\/index.php?rest_route=\/wp\/v2\/pages\/1320\/revisions"}],"predecessor-version":[{"id":2197,"href":"https:\/\/hermandadpasionymuerte.es\/index.php?rest_route=\/wp\/v2\/pages\/1320\/revisions\/2197"}],"wp:attachment":[{"href":"https:\/\/hermandadpasionymuerte.es\/index.php?rest_route=%2Fwp%2Fv2%2Fmedia&parent=1320"}],"curies":[{"name":"wp","href":"https:\/\/api.w.org\/{rel}","templated":true}]}}