{"id":1328,"date":"2025-02-20T07:51:47","date_gmt":"2025-02-20T07:51:47","guid":{"rendered":"https:\/\/hermandadpasionymuerte.es\/?page_id=1328"},"modified":"2025-03-05T12:03:23","modified_gmt":"2025-03-05T12:03:23","slug":"ingreso-hermandad","status":"publish","type":"page","link":"https:\/\/hermandadpasionymuerte.es\/?page_id=1328","title":{"rendered":"INGRESO HERMANDAD"},"content":{"rendered":"\t\t<div data-elementor-type=\"wp-page\" data-elementor-id=\"1328\" class=\"elementor elementor-1328\" data-elementor-post-type=\"page\">\n\t\t\t\t<div class=\"elementor-element elementor-element-b9ab737 e-flex e-con-boxed e-con e-parent\" data-id=\"b9ab737\" data-element_type=\"container\" data-e-type=\"container\">\n\t\t\t\t\t<div class=\"e-con-inner\">\n\t\t\t\t<div class=\"elementor-element elementor-element-ab2f1b6 elementor-widget-divider--view-line_text elementor-widget-divider--element-align-center elementor-widget elementor-widget-divider\" data-id=\"ab2f1b6\" data-element_type=\"widget\" data-e-type=\"widget\" data-widget_type=\"divider.default\">\n\t\t\t\t<div class=\"elementor-widget-container\">\n\t\t\t\t\t\t\t<div class=\"elementor-divider\">\n\t\t\t<span class=\"elementor-divider-separator\">\n\t\t\t\t\t\t<\/span>\n\t\t<\/div>\n\t\t\t\t\t\t<\/div>\n\t\t\t\t<\/div>\n\t\t\t\t\t<\/div>\n\t\t\t\t<\/div>\n\t\t<div class=\"elementor-element elementor-element-894e0f7 e-flex e-con-boxed e-con e-parent\" data-id=\"894e0f7\" data-element_type=\"container\" data-e-type=\"container\">\n\t\t\t\t\t<div class=\"e-con-inner\">\n\t\t\t\t<div class=\"elementor-element elementor-element-0908005 elementor-widget elementor-widget-heading\" data-id=\"0908005\" data-element_type=\"widget\" data-e-type=\"widget\" data-widget_type=\"heading.default\">\n\t\t\t\t<div class=\"elementor-widget-container\">\n\t\t\t\t\t<h2 class=\"elementor-heading-title elementor-size-default\">Ingreso en la hermandad<\/h2>\t\t\t\t<\/div>\n\t\t\t\t<\/div>\n\t\t\t\t\t<\/div>\n\t\t\t\t<\/div>\n\t\t<div class=\"elementor-element elementor-element-649e0ee e-flex e-con-boxed e-con e-parent\" data-id=\"649e0ee\" data-element_type=\"container\" data-e-type=\"container\">\n\t\t\t\t\t<div class=\"e-con-inner\">\n\t\t\t\t<div class=\"elementor-element elementor-element-2ed3028 elementor-widget elementor-widget-text-editor\" data-id=\"2ed3028\" data-element_type=\"widget\" data-e-type=\"widget\" data-widget_type=\"text-editor.default\">\n\t\t\t\t<div class=\"elementor-widget-container\">\n\t\t\t\t\t\t\t\t\t<p>Siguiendo las Reglas de la Hermandad:<\/p><p><em>T\u00cdTULO II<\/em><\/p><p><em>DE LA ADMISI\u00d3N Y BAJA DE HERMANOS<\/em><\/p><p><em>\u00a0<\/em><em>Cap\u00edtulo 6 Condiciones<\/em><\/p><p><em>\u00a0<\/em><em>Regla 9.<\/em><\/p><p><em>Podr\u00e1n ser hermanos todos los bautizados, incluyendo los catec\u00famenos, y que no est\u00e9n leg\u00edtimamente impedidos por el derecho. La recepci\u00f3n del bautismo deber\u00e1 ser acreditada con la certificaci\u00f3n correspondiente.<\/em><\/p><p><em>\u00a0<\/em><em>Cap\u00edtulo 7 Admisi\u00f3n<\/em><\/p><p><em>\u00a0<\/em><em>Regla 10.<\/em><\/p><p><em>El candidato a hermano deber\u00e1 acompa\u00f1ar a su solicitud el impreso correspondiente presentado y firmado por dos hermanos.<\/em><\/p><p><em>\u00a0<\/em><em>Regla 11.<\/em><\/p><p><em>En el caso de que el solicitante fuese menor de edad o discapacitado ps\u00edquico, la solicitud de ingreso deber\u00e1 estar firmada por su padre, madre o tutor legal.<\/em><\/p><p><em>\u00a0<\/em><em>Regla 12.<\/em><\/p><p><em>El ingreso no ser\u00e1 efectivo hasta su aprobaci\u00f3n por la Junta de Gobierno reunida un Cabildo de Oficiales previo informe favorable del hermano Fiscal. Toda vez aprobada la solicitud, ser\u00e1 comunicada al ya hermano facilit\u00e1ndosele copia de las Reglas, junto con la medalla.<\/em><\/p><p><em>\u00a0<\/em><em>Regla 13.<\/em><\/p><p><em>Para la recepci\u00f3n can\u00f3nica del hermano y el disfrute total de sus derechos y deberes, deber\u00e1 jurar el cumplimiento de las presentes Reglas en fecha que determine la Junta de Gobierno tras recibir la formaci\u00f3n debida y mediante la f\u00f3rmula de recepci\u00f3n can\u00f3nica que figura en el Anexo I.<\/em><\/p><p><em>\u00a0<\/em><em>El proceso de admisi\u00f3n de nuevos hermanos se inicia con la cumplimentaci\u00f3n del impreso de Solicitud de Admisi\u00f3n, que puede descargar directamente en esta Web o recoger personalmente en Secretar\u00eda. Junto a dicha solicitud, se requerir\u00e1 al aspirante a hermano que aporte Partida de Bautismo. La solicitud de admisi\u00f3n deber\u00e1 ser refrendada por dos hermanos, que act\u00faan como presentadores del aspirante.<\/em><\/p><p><em>\u00a0<\/em><em>Una vez entregada dicha documentaci\u00f3n, se comprobar\u00e1 que la misma es conforme y que se cumplen los requisitos exigidos por nuestras Reglas \u2013estar bautizado y llevar una vida p\u00fablica honesta. Cumplido este tr\u00e1mite, la solicitud pasa al siguiente Cabildo de Oficiales de la Junta de Gobierno, que se celebran mensualmente y en donde, en su caso, se aprueba la admisi\u00f3n provisional como hermano.<\/em><\/p><p><em>\u00a0<\/em><em>Este acuerdo de Cabildo de Oficiales es comunicado a los aspirantes. Posteriormente se le comunicar\u00e1 cuando tiene que hacer el Juramento, donde se produce la incorporaci\u00f3n plena y efectiva de los aspirantes a la Hermandad.<\/em><\/p>\t\t\t\t\t\t\t\t<\/div>\n\t\t\t\t<\/div>\n\t\t\t\t\t<\/div>\n\t\t\t\t<\/div>\n\t\t<div class=\"elementor-element elementor-element-ddc9124 e-flex e-con-boxed e-con e-parent\" data-id=\"ddc9124\" data-element_type=\"container\" data-e-type=\"container\">\n\t\t\t\t\t<div class=\"e-con-inner\">\n\t\t<div class=\"elementor-element elementor-element-035c30a e-con-full e-flex e-con e-child\" data-id=\"035c30a\" data-element_type=\"container\" data-e-type=\"container\">\n\t\t\t\t<\/div>\n\t\t<div class=\"elementor-element elementor-element-489a232 e-con-full e-flex e-con e-child\" data-id=\"489a232\" data-element_type=\"container\" data-e-type=\"container\">\n\t\t\t\t<div class=\"elementor-element elementor-element-8e54336 elementor-widget elementor-widget-image\" data-id=\"8e54336\" data-element_type=\"widget\" data-e-type=\"widget\" data-widget_type=\"image.default\">\n\t\t\t\t<div class=\"elementor-widget-container\">\n\t\t\t\t\t\t\t\t\t\t\t\t\t\t\t\t<a href=\"https:\/\/hermandadpasionymuerte.es\/wp-content\/uploads\/2025\/02\/SOLICITUD-INGRESO-HERMANDAD-PASION-Y-MUERTE-2025.pdf\" target=\"_blank\">\n\t\t\t\t\t\t\t<img fetchpriority=\"high\" decoding=\"async\" width=\"2048\" height=\"1024\" src=\"https:\/\/hermandadpasionymuerte.es\/wp-content\/uploads\/2025\/02\/haztehermano-2048x1024.png\" class=\"elementor-animation-grow attachment-2048x2048 size-2048x2048 wp-image-1725\" alt=\"\" srcset=\"https:\/\/hermandadpasionymuerte.es\/wp-content\/uploads\/2025\/02\/haztehermano-2048x1024.png 2048w, https:\/\/hermandadpasionymuerte.es\/wp-content\/uploads\/2025\/02\/haztehermano-300x150.png 300w, https:\/\/hermandadpasionymuerte.es\/wp-content\/uploads\/2025\/02\/haztehermano-1024x512.png 1024w, https:\/\/hermandadpasionymuerte.es\/wp-content\/uploads\/2025\/02\/haztehermano-768x384.png 768w, https:\/\/hermandadpasionymuerte.es\/wp-content\/uploads\/2025\/02\/haztehermano-1536x768.png 1536w\" sizes=\"(max-width: 2048px) 100vw, 2048px\" \/>\t\t\t\t\t\t\t\t<\/a>\n\t\t\t\t\t\t\t\t\t\t\t\t\t\t\t<\/div>\n\t\t\t\t<\/div>\n\t\t\t\t<\/div>\n\t\t<div class=\"elementor-element elementor-element-ababfbc e-con-full e-flex e-con e-child\" data-id=\"ababfbc\" data-element_type=\"container\" data-e-type=\"container\">\n\t\t\t\t<\/div>\n\t\t\t\t\t<\/div>\n\t\t\t\t<\/div>\n\t\t\t\t<\/div>\n\t\t","protected":false},"excerpt":{"rendered":"<p>Ingreso en la hermandad Siguiendo las Reglas de la Hermandad: T\u00cdTULO II DE LA ADMISI\u00d3N Y BAJA DE HERMANOS \u00a0Cap\u00edtulo [&hellip;]<\/p>\n","protected":false},"author":1,"featured_media":0,"parent":0,"menu_order":0,"comment_status":"closed","ping_status":"closed","template":"","meta":{"site-sidebar-layout":"no-sidebar","site-content-layout":"","ast-site-content-layout":"full-width-container","site-content-style":"default","site-sidebar-style":"default","ast-global-header-display":"","ast-banner-title-visibility":"","ast-main-header-display":"","ast-hfb-above-header-display":"","ast-hfb-below-header-display":"","ast-hfb-mobile-header-display":"","site-post-title":"disabled","ast-breadcrumbs-content":"","ast-featured-img":"disabled","footer-sml-layout":"","ast-disable-related-posts":"","theme-transparent-header-meta":"","adv-header-id-meta":"","stick-header-meta":"","header-above-stick-meta":"","header-main-stick-meta":"","header-below-stick-meta":"","astra-migrate-meta-layouts":"default","ast-page-background-enabled":"default","ast-page-background-meta":{"desktop":{"background-color":"var(--ast-global-color-5)","background-image":"","background-repeat":"repeat","background-position":"center center","background-size":"auto","background-attachment":"scroll","background-type":"","background-media":"","overlay-type":"","overlay-color":"","overlay-opacity":"","overlay-gradient":""},"tablet":{"background-color":"","background-image":"","background-repeat":"repeat","background-position":"center center","background-size":"auto","background-attachment":"scroll","background-type":"","background-media":"","overlay-type":"","overlay-color":"","overlay-opacity":"","overlay-gradient":""},"mobile":{"background-color":"","background-image":"","background-repeat":"repeat","background-position":"center center","background-size":"auto","background-attachment":"scroll","background-type":"","background-media":"","overlay-type":"","overlay-color":"","overlay-opacity":"","overlay-gradient":""}},"ast-content-background-meta":{"desktop":{"background-color":"var(--ast-global-color-4)","background-image":"","background-repeat":"repeat","background-position":"center center","background-size":"auto","background-attachment":"scroll","background-type":"","background-media":"","overlay-type":"","overlay-color":"","overlay-opacity":"","overlay-gradient":""},"tablet":{"background-color":"var(--ast-global-color-4)","background-image":"","background-repeat":"repeat","background-position":"center center","background-size":"auto","background-attachment":"scroll","background-type":"","background-media":"","overlay-type":"","overlay-color":"","overlay-opacity":"","overlay-gradient":""},"mobile":{"background-color":"var(--ast-global-color-4)","background-image":"","background-repeat":"repeat","background-position":"center center","background-size":"auto","background-attachment":"scroll","background-type":"","background-media":"","overlay-type":"","overlay-color":"","overlay-opacity":"","overlay-gradient":""}},"footnotes":""},"class_list":["post-1328","page","type-page","status-publish","hentry"],"_links":{"self":[{"href":"https:\/\/hermandadpasionymuerte.es\/index.php?rest_route=\/wp\/v2\/pages\/1328","targetHints":{"allow":["GET"]}}],"collection":[{"href":"https:\/\/hermandadpasionymuerte.es\/index.php?rest_route=\/wp\/v2\/pages"}],"about":[{"href":"https:\/\/hermandadpasionymuerte.es\/index.php?rest_route=\/wp\/v2\/types\/page"}],"author":[{"embeddable":true,"href":"https:\/\/hermandadpasionymuerte.es\/index.php?rest_route=\/wp\/v2\/users\/1"}],"replies":[{"embeddable":true,"href":"https:\/\/hermandadpasionymuerte.es\/index.php?rest_route=%2Fwp%2Fv2%2Fcomments&post=1328"}],"version-history":[{"count":7,"href":"https:\/\/hermandadpasionymuerte.es\/index.php?rest_route=\/wp\/v2\/pages\/1328\/revisions"}],"predecessor-version":[{"id":1970,"href":"https:\/\/hermandadpasionymuerte.es\/index.php?rest_route=\/wp\/v2\/pages\/1328\/revisions\/1970"}],"wp:attachment":[{"href":"https:\/\/hermandadpasionymuerte.es\/index.php?rest_route=%2Fwp%2Fv2%2Fmedia&parent=1328"}],"curies":[{"name":"wp","href":"https:\/\/api.w.org\/{rel}","templated":true}]}}