{"id":1330,"date":"2025-02-20T07:52:03","date_gmt":"2025-02-20T07:52:03","guid":{"rendered":"https:\/\/hermandadpasionymuerte.es\/?page_id=1330"},"modified":"2025-03-19T07:34:56","modified_gmt":"2025-03-19T07:34:56","slug":"portal-del-hermano","status":"publish","type":"page","link":"https:\/\/hermandadpasionymuerte.es\/?page_id=1330","title":{"rendered":"PORTAL DEL HERMANO"},"content":{"rendered":"\t\t<div data-elementor-type=\"wp-page\" data-elementor-id=\"1330\" class=\"elementor elementor-1330\" data-elementor-post-type=\"page\">\n\t\t\t\t<div class=\"elementor-element elementor-element-d37897d e-flex e-con-boxed e-con e-parent\" data-id=\"d37897d\" data-element_type=\"container\" data-e-type=\"container\">\n\t\t\t\t\t<div class=\"e-con-inner\">\n\t\t\t\t<div class=\"elementor-element elementor-element-d976bbc elementor-widget-divider--view-line_text elementor-widget-divider--element-align-center elementor-widget elementor-widget-divider\" data-id=\"d976bbc\" data-element_type=\"widget\" data-e-type=\"widget\" data-widget_type=\"divider.default\">\n\t\t\t\t<div class=\"elementor-widget-container\">\n\t\t\t\t\t\t\t<div class=\"elementor-divider\">\n\t\t\t<span class=\"elementor-divider-separator\">\n\t\t\t\t\t\t<\/span>\n\t\t<\/div>\n\t\t\t\t\t\t<\/div>\n\t\t\t\t<\/div>\n\t\t\t\t\t<\/div>\n\t\t\t\t<\/div>\n\t\t<div class=\"elementor-element elementor-element-9ce6514 e-flex e-con-boxed e-con e-parent\" data-id=\"9ce6514\" data-element_type=\"container\" data-e-type=\"container\">\n\t\t\t\t\t<div class=\"e-con-inner\">\n\t\t\t\t<div class=\"elementor-element elementor-element-3670572 elementor-widget elementor-widget-heading\" data-id=\"3670572\" data-element_type=\"widget\" data-e-type=\"widget\" data-widget_type=\"heading.default\">\n\t\t\t\t<div class=\"elementor-widget-container\">\n\t\t\t\t\t<h2 class=\"elementor-heading-title elementor-size-default\">PORTAL DEL HERMANO<\/h2>\t\t\t\t<\/div>\n\t\t\t\t<\/div>\n\t\t\t\t\t<\/div>\n\t\t\t\t<\/div>\n\t\t<div class=\"elementor-element elementor-element-b100373 e-flex e-con-boxed e-con e-parent\" data-id=\"b100373\" data-element_type=\"container\" data-e-type=\"container\">\n\t\t\t\t\t<div class=\"e-con-inner\">\n\t\t\t\t<div class=\"elementor-element elementor-element-f084d10 elementor-widget elementor-widget-text-editor\" data-id=\"f084d10\" data-element_type=\"widget\" data-e-type=\"widget\" data-widget_type=\"text-editor.default\">\n\t\t\t\t<div class=\"elementor-widget-container\">\n\t\t\t\t\t\t\t\t\t<p>En este portal podr\u00e1s modificar o actualizar tus datos personales, datos fiscales, consultar tus papeletas de sitio, comprobar tus pagos o donativos realizados o si tuvieras algunos pendiente e incluso realizar pagos online.<\/p><p>\u00a0<\/p><p>Para entrar en el portal hacer clic en el bot\u00f3n. El usuario es tu DNI (Ej. 123456789C) y tu clave. Si no la sabes o la has olvidado clicar en recuperar contrase\u00f1a. Es importante que el correo electr\u00f3nico que utilices sea el que est\u00e1 recogido en la base de datos. Tambi\u00e9n puedes ponerte en contacto con la Secretar\u00eda.<\/p><p>\u00a0<\/p><p>Realizado cualquier cambio no olvides validarlos pulsando el bot\u00f3n <strong><em>Grabar <\/em><\/strong>situado en la parte inferior.<\/p>\t\t\t\t\t\t\t\t<\/div>\n\t\t\t\t<\/div>\n\t\t\t\t\t<\/div>\n\t\t\t\t<\/div>\n\t\t<div class=\"elementor-element elementor-element-75013b6 e-flex e-con-boxed e-con e-parent\" data-id=\"75013b6\" data-element_type=\"container\" data-e-type=\"container\">\n\t\t\t\t\t<div class=\"e-con-inner\">\n\t\t<div class=\"elementor-element elementor-element-342f521 e-con-full e-flex e-con e-child\" data-id=\"342f521\" data-element_type=\"container\" data-e-type=\"container\">\n\t\t\t\t<\/div>\n\t\t<div class=\"elementor-element elementor-element-1b3298b e-con-full e-flex e-con e-child\" data-id=\"1b3298b\" data-element_type=\"container\" data-e-type=\"container\">\n\t\t\t\t<div class=\"elementor-element elementor-element-a0c888e elementor-widget elementor-widget-image\" data-id=\"a0c888e\" data-element_type=\"widget\" data-e-type=\"widget\" data-widget_type=\"image.default\">\n\t\t\t\t<div class=\"elementor-widget-container\">\n\t\t\t\t\t\t\t\t\t\t\t\t\t\t\t\t<a href=\"https:\/\/www.portaldelhermano.es\/index.html?id=359\" target=\"_blank\">\n\t\t\t\t\t\t\t<img fetchpriority=\"high\" decoding=\"async\" width=\"2048\" height=\"1024\" src=\"https:\/\/hermandadpasionymuerte.es\/wp-content\/uploads\/2025\/02\/portaldelhermano-2048x1024.png\" class=\"elementor-animation-grow attachment-2048x2048 size-2048x2048 wp-image-1726\" alt=\"\" srcset=\"https:\/\/hermandadpasionymuerte.es\/wp-content\/uploads\/2025\/02\/portaldelhermano-2048x1024.png 2048w, https:\/\/hermandadpasionymuerte.es\/wp-content\/uploads\/2025\/02\/portaldelhermano-300x150.png 300w, https:\/\/hermandadpasionymuerte.es\/wp-content\/uploads\/2025\/02\/portaldelhermano-1024x512.png 1024w, https:\/\/hermandadpasionymuerte.es\/wp-content\/uploads\/2025\/02\/portaldelhermano-768x384.png 768w, https:\/\/hermandadpasionymuerte.es\/wp-content\/uploads\/2025\/02\/portaldelhermano-1536x768.png 1536w, https:\/\/hermandadpasionymuerte.es\/wp-content\/uploads\/2025\/02\/portaldelhermano-e1742391510711.png 1042w\" sizes=\"(max-width: 2048px) 100vw, 2048px\" \/>\t\t\t\t\t\t\t\t<\/a>\n\t\t\t\t\t\t\t\t\t\t\t\t\t\t\t<\/div>\n\t\t\t\t<\/div>\n\t\t\t\t<\/div>\n\t\t<div class=\"elementor-element elementor-element-99ad0b6 e-con-full e-flex e-con e-child\" data-id=\"99ad0b6\" data-element_type=\"container\" data-e-type=\"container\">\n\t\t\t\t<\/div>\n\t\t\t\t\t<\/div>\n\t\t\t\t<\/div>\n\t\t\t\t<\/div>\n\t\t","protected":false},"excerpt":{"rendered":"<p>PORTAL DEL HERMANO En este portal podr\u00e1s modificar o actualizar tus datos personales, datos fiscales, consultar tus papeletas de sitio, [&hellip;]<\/p>\n","protected":false},"author":1,"featured_media":0,"parent":0,"menu_order":0,"comment_status":"closed","ping_status":"closed","template":"","meta":{"site-sidebar-layout":"no-sidebar","site-content-layout":"","ast-site-content-layout":"full-width-container","site-content-style":"default","site-sidebar-style":"default","ast-global-header-display":"","ast-banner-title-visibility":"","ast-main-header-display":"","ast-hfb-above-header-display":"","ast-hfb-below-header-display":"","ast-hfb-mobile-header-display":"","site-post-title":"disabled","ast-breadcrumbs-content":"","ast-featured-img":"disabled","footer-sml-layout":"","ast-disable-related-posts":"","theme-transparent-header-meta":"","adv-header-id-meta":"","stick-header-meta":"","header-above-stick-meta":"","header-main-stick-meta":"","header-below-stick-meta":"","astra-migrate-meta-layouts":"default","ast-page-background-enabled":"default","ast-page-background-meta":{"desktop":{"background-color":"var(--ast-global-color-5)","background-image":"","background-repeat":"repeat","background-position":"center center","background-size":"auto","background-attachment":"scroll","background-type":"","background-media":"","overlay-type":"","overlay-color":"","overlay-opacity":"","overlay-gradient":""},"tablet":{"background-color":"","background-image":"","background-repeat":"repeat","background-position":"center center","background-size":"auto","background-attachment":"scroll","background-type":"","background-media":"","overlay-type":"","overlay-color":"","overlay-opacity":"","overlay-gradient":""},"mobile":{"background-color":"","background-image":"","background-repeat":"repeat","background-position":"center center","background-size":"auto","background-attachment":"scroll","background-type":"","background-media":"","overlay-type":"","overlay-color":"","overlay-opacity":"","overlay-gradient":""}},"ast-content-background-meta":{"desktop":{"background-color":"var(--ast-global-color-4)","background-image":"","background-repeat":"repeat","background-position":"center center","background-size":"auto","background-attachment":"scroll","background-type":"","background-media":"","overlay-type":"","overlay-color":"","overlay-opacity":"","overlay-gradient":""},"tablet":{"background-color":"var(--ast-global-color-4)","background-image":"","background-repeat":"repeat","background-position":"center center","background-size":"auto","background-attachment":"scroll","background-type":"","background-media":"","overlay-type":"","overlay-color":"","overlay-opacity":"","overlay-gradient":""},"mobile":{"background-color":"var(--ast-global-color-4)","background-image":"","background-repeat":"repeat","background-position":"center center","background-size":"auto","background-attachment":"scroll","background-type":"","background-media":"","overlay-type":"","overlay-color":"","overlay-opacity":"","overlay-gradient":""}},"footnotes":""},"class_list":["post-1330","page","type-page","status-publish","hentry"],"_links":{"self":[{"href":"https:\/\/hermandadpasionymuerte.es\/index.php?rest_route=\/wp\/v2\/pages\/1330","targetHints":{"allow":["GET"]}}],"collection":[{"href":"https:\/\/hermandadpasionymuerte.es\/index.php?rest_route=\/wp\/v2\/pages"}],"about":[{"href":"https:\/\/hermandadpasionymuerte.es\/index.php?rest_route=\/wp\/v2\/types\/page"}],"author":[{"embeddable":true,"href":"https:\/\/hermandadpasionymuerte.es\/index.php?rest_route=\/wp\/v2\/users\/1"}],"replies":[{"embeddable":true,"href":"https:\/\/hermandadpasionymuerte.es\/index.php?rest_route=%2Fwp%2Fv2%2Fcomments&post=1330"}],"version-history":[{"count":16,"href":"https:\/\/hermandadpasionymuerte.es\/index.php?rest_route=\/wp\/v2\/pages\/1330\/revisions"}],"predecessor-version":[{"id":2251,"href":"https:\/\/hermandadpasionymuerte.es\/index.php?rest_route=\/wp\/v2\/pages\/1330\/revisions\/2251"}],"wp:attachment":[{"href":"https:\/\/hermandadpasionymuerte.es\/index.php?rest_route=%2Fwp%2Fv2%2Fmedia&parent=1330"}],"curies":[{"name":"wp","href":"https:\/\/api.w.org\/{rel}","templated":true}]}}