{"id":1360,"date":"2025-02-20T07:56:04","date_gmt":"2025-02-20T07:56:04","guid":{"rendered":"https:\/\/hermandadpasionymuerte.es\/?page_id=1360"},"modified":"2025-02-26T12:48:19","modified_gmt":"2025-02-26T12:48:19","slug":"stmo-cristo-de-pasion-y-muerte-2","status":"publish","type":"page","link":"https:\/\/hermandadpasionymuerte.es\/?page_id=1360","title":{"rendered":"STMO. CRISTO DE PASI\u00d3N Y MUERTE"},"content":{"rendered":"\t\t<div data-elementor-type=\"wp-page\" data-elementor-id=\"1360\" class=\"elementor elementor-1360\" data-elementor-post-type=\"page\">\n\t\t\t\t<div class=\"elementor-element elementor-element-6a841b0 e-flex e-con-boxed e-con e-parent\" data-id=\"6a841b0\" data-element_type=\"container\" data-e-type=\"container\">\n\t\t\t\t\t<div class=\"e-con-inner\">\n\t\t\t\t<div class=\"elementor-element elementor-element-f0f6b31 elementor-widget-divider--view-line_text elementor-widget-divider--element-align-center elementor-widget elementor-widget-divider\" data-id=\"f0f6b31\" data-element_type=\"widget\" data-e-type=\"widget\" data-widget_type=\"divider.default\">\n\t\t\t\t<div class=\"elementor-widget-container\">\n\t\t\t\t\t\t\t<div class=\"elementor-divider\">\n\t\t\t<span class=\"elementor-divider-separator\">\n\t\t\t\t\t\t<\/span>\n\t\t<\/div>\n\t\t\t\t\t\t<\/div>\n\t\t\t\t<\/div>\n\t\t\t\t\t<\/div>\n\t\t\t\t<\/div>\n\t\t<div class=\"elementor-element elementor-element-b6b5259 e-flex e-con-boxed e-con e-parent\" data-id=\"b6b5259\" data-element_type=\"container\" data-e-type=\"container\">\n\t\t\t\t\t<div class=\"e-con-inner\">\n\t\t\t\t<div class=\"elementor-element elementor-element-8fbb6b9 elementor-widget elementor-widget-heading\" data-id=\"8fbb6b9\" data-element_type=\"widget\" data-e-type=\"widget\" data-widget_type=\"heading.default\">\n\t\t\t\t<div class=\"elementor-widget-container\">\n\t\t\t\t\t<h2 class=\"elementor-heading-title elementor-size-default\">Stmo. Cristo de Pasi\u00f3n y Muerte<\/h2>\t\t\t\t<\/div>\n\t\t\t\t<\/div>\n\t\t\t\t\t<\/div>\n\t\t\t\t<\/div>\n\t\t<div class=\"elementor-element elementor-element-6466ae6 e-flex e-con-boxed e-con e-parent\" data-id=\"6466ae6\" data-element_type=\"container\" data-e-type=\"container\">\n\t\t\t\t\t<div class=\"e-con-inner\">\n\t\t<div class=\"elementor-element elementor-element-183b04d e-con-full e-flex e-con e-child\" data-id=\"183b04d\" data-element_type=\"container\" data-e-type=\"container\">\n\t\t\t\t<div class=\"elementor-element elementor-element-b688b99 elementor-widget elementor-widget-image\" data-id=\"b688b99\" data-element_type=\"widget\" data-e-type=\"widget\" data-widget_type=\"image.default\">\n\t\t\t\t<div class=\"elementor-widget-container\">\n\t\t\t\t\t\t\t\t\t\t\t\t\t\t\t<img fetchpriority=\"high\" decoding=\"async\" width=\"500\" height=\"750\" src=\"https:\/\/hermandadpasionymuerte.es\/wp-content\/uploads\/2025\/02\/DSC09103.jpg\" class=\"attachment-large size-large wp-image-1890\" alt=\"\" srcset=\"https:\/\/hermandadpasionymuerte.es\/wp-content\/uploads\/2025\/02\/DSC09103.jpg 500w, https:\/\/hermandadpasionymuerte.es\/wp-content\/uploads\/2025\/02\/DSC09103-200x300.jpg 200w\" sizes=\"(max-width: 500px) 100vw, 500px\" \/>\t\t\t\t\t\t\t\t\t\t\t\t\t\t\t<\/div>\n\t\t\t\t<\/div>\n\t\t\t\t<\/div>\n\t\t<div class=\"elementor-element elementor-element-d78bf8f e-con-full e-flex e-con e-child\" data-id=\"d78bf8f\" data-element_type=\"container\" data-e-type=\"container\">\n\t\t\t\t<div class=\"elementor-element elementor-element-9445c5e elementor-widget elementor-widget-text-editor\" data-id=\"9445c5e\" data-element_type=\"widget\" data-e-type=\"widget\" data-widget_type=\"text-editor.default\">\n\t\t\t\t<div class=\"elementor-widget-container\">\n\t\t\t\t\t\t\t\t\t<p>La imagen del Stmo. Cristo de Pasi\u00f3n y Muerte es obra del escultor, N.H.D. Jos\u00e9 Antonio Navarro Arteaga en 1997. Est\u00e1 tallada en cedro y mide 1,82 m de altura. La imagen est\u00e1 inspirada en las tallas crist\u00edferas del primer barroco sevillano, con ciertas reminiscencias monta\u00f1esinas. Se podr\u00eda calificar como una obra cl\u00e1sica de la imaginer\u00eda sevillana, aunque con el sello caracter\u00edstico de su autor.<\/p><p>Iconogr\u00e1ficamente representa el momento en el que Jes\u00fas, tras el \u00abconsummatum est\u00bb y haber expirado, baja su cabeza en se\u00f1al de ausencia de vida.\u200b El modelado est\u00e1 muy trabajado, minucioso en el tratamiento del cabello y pa\u00f1os.<\/p><p>El estudio anat\u00f3mico es muy completo. No tiene a\u00fan la llaga de la lanzada y cada uno de sus pies est\u00e1 atravesado por un clavo. Los rasgos tanatol\u00f3gicos del post mortem no han aparecido todav\u00eda, exceptuando cierta tensi\u00f3n existente en el cuello. Los ojos aparecen con los p\u00e1rpados casi cerrados debidos a su ca\u00edda por acci\u00f3n gravitatoria tras la muerte. La boca est\u00e1 entreabierta, con la comisura de los labios reseca y un peque\u00f1o hilo de saliva que se desliza por su barbilla. Las mu\u00f1ecas est\u00e1n parcialmente quebradas, debido al peso del cuerpo en la cruz. La policrom\u00eda presenta tonos claros, con poca presencia de sangre, la cual posee una tonalidad muy suave. Presenta heridas en frente, barbilla, extremidades superiores e inferiores y espalda, estando el torso muy despejado. El cabello presenta diferentes tonalidades que otorgan un efecto de claroscuro muy interesante.<\/p><p style=\"text-align: justify;\">La imagen particip\u00f3 en la exposici\u00f3n MUNARCO del a\u00f1o 1998 y bendecida junto a la imagen de Ntra. Sra. del Desconsuelo y Visitaci\u00f3n por el entonces Arzobispo de Sevilla, el Excmo. y Rvdmo. Sr. D. Carlos Amigo Vallejo, el 22 de marzo de 2002.<\/p><p>Paso procesional.<\/p><p>El actual paso procesional data del a\u00f1o 2009 y es obra del tallista malague\u00f1o D. Manuel Toledano G\u00f3mez. Los respiraderos son bordados mientras que la canastilla es de madera tallada de estilo neobarroco. La canastilla es alta y presenta varias capillas con medallones y varios vol\u00famenes. Posee 4 cartelas, una en cada lado del paso, obra de D. Mariano S\u00e1nchez del Pino. La frontal representa la Resurrecci\u00f3n de Nuestro Se\u00f1or, la trasera representa a dos \u00e1ngeles portando un ostensorio con el Sant\u00edsimo Sacramento del Altar, en un lateral representa los dolores de la Sant\u00edsima Virgen con un coraz\u00f3n atravesado por siete pu\u00f1ales y por el otro lateral representa a la advocaci\u00f3n de Nuestra Se\u00f1ora del Buen Aire a trav\u00e9s de una nao del siglo XVI. En cada esquina del paso se encuentran \u00e1ngeles pasionarios realizadas el mismo autor que las cartelas. La iluminaci\u00f3n principal del paso corre a cargo de cuatro \u00abhachones\u00bb de cera morada. Presenta un llamador plateado en el lado izquierdo del paso y no tiene maniguetas. El acabado en caoba, con la inclusi\u00f3n de distintos tonos de barniz en algunos elementos del paso se finaliz\u00f3 en 2016 en el taller de los Hermanos Caballero Farf\u00e1n.<\/p>\t\t\t\t\t\t\t\t<\/div>\n\t\t\t\t<\/div>\n\t\t\t\t<div class=\"elementor-element elementor-element-1508272 elementor-widget elementor-widget-image\" data-id=\"1508272\" data-element_type=\"widget\" data-e-type=\"widget\" data-widget_type=\"image.default\">\n\t\t\t\t<div class=\"elementor-widget-container\">\n\t\t\t\t\t\t\t\t\t\t\t\t\t\t\t<img decoding=\"async\" width=\"599\" height=\"900\" src=\"https:\/\/hermandadpasionymuerte.es\/wp-content\/uploads\/2025\/02\/pasion-muerte-viernes-dolores-sevilla26_xoptimizadax.jpg\" class=\"attachment-2048x2048 size-2048x2048 wp-image-1568\" alt=\"\" srcset=\"https:\/\/hermandadpasionymuerte.es\/wp-content\/uploads\/2025\/02\/pasion-muerte-viernes-dolores-sevilla26_xoptimizadax.jpg 599w, https:\/\/hermandadpasionymuerte.es\/wp-content\/uploads\/2025\/02\/pasion-muerte-viernes-dolores-sevilla26_xoptimizadax-200x300.jpg 200w\" sizes=\"(max-width: 599px) 100vw, 599px\" \/>\t\t\t\t\t\t\t\t\t\t\t\t\t\t\t<\/div>\n\t\t\t\t<\/div>\n\t\t\t\t<\/div>\n\t\t\t\t\t<\/div>\n\t\t\t\t<\/div>\n\t\t\t\t<\/div>\n\t\t","protected":false},"excerpt":{"rendered":"<p>Stmo. Cristo de Pasi\u00f3n y Muerte La imagen del Stmo. Cristo de Pasi\u00f3n y Muerte es obra del escultor, N.H.D. [&hellip;]<\/p>\n","protected":false},"author":1,"featured_media":0,"parent":0,"menu_order":0,"comment_status":"closed","ping_status":"closed","template":"","meta":{"site-sidebar-layout":"no-sidebar","site-content-layout":"","ast-site-content-layout":"full-width-container","site-content-style":"default","site-sidebar-style":"default","ast-global-header-display":"","ast-banner-title-visibility":"","ast-main-header-display":"","ast-hfb-above-header-display":"","ast-hfb-below-header-display":"","ast-hfb-mobile-header-display":"","site-post-title":"disabled","ast-breadcrumbs-content":"","ast-featured-img":"disabled","footer-sml-layout":"","ast-disable-related-posts":"","theme-transparent-header-meta":"","adv-header-id-meta":"","stick-header-meta":"","header-above-stick-meta":"","header-main-stick-meta":"","header-below-stick-meta":"","astra-migrate-meta-layouts":"default","ast-page-background-enabled":"default","ast-page-background-meta":{"desktop":{"background-color":"var(--ast-global-color-5)","background-image":"","background-repeat":"repeat","background-position":"center center","background-size":"auto","background-attachment":"scroll","background-type":"","background-media":"","overlay-type":"","overlay-color":"","overlay-opacity":"","overlay-gradient":""},"tablet":{"background-color":"","background-image":"","background-repeat":"repeat","background-position":"center center","background-size":"auto","background-attachment":"scroll","background-type":"","background-media":"","overlay-type":"","overlay-color":"","overlay-opacity":"","overlay-gradient":""},"mobile":{"background-color":"","background-image":"","background-repeat":"repeat","background-position":"center center","background-size":"auto","background-attachment":"scroll","background-type":"","background-media":"","overlay-type":"","overlay-color":"","overlay-opacity":"","overlay-gradient":""}},"ast-content-background-meta":{"desktop":{"background-color":"var(--ast-global-color-4)","background-image":"","background-repeat":"repeat","background-position":"center center","background-size":"auto","background-attachment":"scroll","background-type":"","background-media":"","overlay-type":"","overlay-color":"","overlay-opacity":"","overlay-gradient":""},"tablet":{"background-color":"var(--ast-global-color-4)","background-image":"","background-repeat":"repeat","background-position":"center center","background-size":"auto","background-attachment":"scroll","background-type":"","background-media":"","overlay-type":"","overlay-color":"","overlay-opacity":"","overlay-gradient":""},"mobile":{"background-color":"var(--ast-global-color-4)","background-image":"","background-repeat":"repeat","background-position":"center center","background-size":"auto","background-attachment":"scroll","background-type":"","background-media":"","overlay-type":"","overlay-color":"","overlay-opacity":"","overlay-gradient":""}},"footnotes":""},"class_list":["post-1360","page","type-page","status-publish","hentry"],"_links":{"self":[{"href":"https:\/\/hermandadpasionymuerte.es\/index.php?rest_route=\/wp\/v2\/pages\/1360","targetHints":{"allow":["GET"]}}],"collection":[{"href":"https:\/\/hermandadpasionymuerte.es\/index.php?rest_route=\/wp\/v2\/pages"}],"about":[{"href":"https:\/\/hermandadpasionymuerte.es\/index.php?rest_route=\/wp\/v2\/types\/page"}],"author":[{"embeddable":true,"href":"https:\/\/hermandadpasionymuerte.es\/index.php?rest_route=\/wp\/v2\/users\/1"}],"replies":[{"embeddable":true,"href":"https:\/\/hermandadpasionymuerte.es\/index.php?rest_route=%2Fwp%2Fv2%2Fcomments&post=1360"}],"version-history":[{"count":7,"href":"https:\/\/hermandadpasionymuerte.es\/index.php?rest_route=\/wp\/v2\/pages\/1360\/revisions"}],"predecessor-version":[{"id":1893,"href":"https:\/\/hermandadpasionymuerte.es\/index.php?rest_route=\/wp\/v2\/pages\/1360\/revisions\/1893"}],"wp:attachment":[{"href":"https:\/\/hermandadpasionymuerte.es\/index.php?rest_route=%2Fwp%2Fv2%2Fmedia&parent=1360"}],"curies":[{"name":"wp","href":"https:\/\/api.w.org\/{rel}","templated":true}]}}