{"id":1589,"date":"2025-02-20T22:03:30","date_gmt":"2025-02-20T22:03:30","guid":{"rendered":"https:\/\/hermandadpasionymuerte.es\/?page_id=1589"},"modified":"2025-02-20T22:04:51","modified_gmt":"2025-02-20T22:04:51","slug":"aviso-legal","status":"publish","type":"page","link":"https:\/\/hermandadpasionymuerte.es\/?page_id=1589","title":{"rendered":"Aviso Legal"},"content":{"rendered":"\t\t<div data-elementor-type=\"wp-page\" data-elementor-id=\"1589\" class=\"elementor elementor-1589\" data-elementor-post-type=\"page\">\n\t\t\t\t<div class=\"elementor-element elementor-element-d59b397 e-flex e-con-boxed e-con e-parent\" data-id=\"d59b397\" data-element_type=\"container\" data-e-type=\"container\">\n\t\t\t\t\t<div class=\"e-con-inner\">\n\t\t\t\t<div class=\"elementor-element elementor-element-0b7fadd elementor-widget elementor-widget-text-editor\" data-id=\"0b7fadd\" data-element_type=\"widget\" data-e-type=\"widget\" data-widget_type=\"text-editor.default\">\n\t\t\t\t<div class=\"elementor-widget-container\">\n\t\t\t\t\t\t\t\t\t<div style=\"color: white;\"><h1 style=\"color: white;\"><span style=\"color: #000000;\">Aviso Legal<\/span><\/h1><p><span style=\"color: #000000;\">La presente p\u00e1gina web es propiedad de la Hermandad de Pasi\u00f3n y Muerte de Sevilla, con domicilio social en Calle Enrique Mensaque 10 Bajo, 41010 Sevilla, Espa\u00f1a, y con correo electr\u00f3nico de contacto: pasionymuerte@gmail.com.<\/span><\/p><h2 style=\"color: white;\"><span style=\"color: #000000;\">Identificaci\u00f3n de la Hermandad<\/span><\/h2><p><span style=\"color: #000000;\"><strong>Nombre:<\/strong> Hermandad de Pasi\u00f3n y Muerte<\/span><\/p><p><span style=\"color: #000000;\"><strong>Domicilio social:<\/strong> Calle Enrique Mensaque 10 Bajo, 41010 Sevilla<\/span><\/p><p><span style=\"color: #000000;\"><strong>Correo electr\u00f3nico:<\/strong> pasionymuerte@gmail.com<\/span><\/p><p><span style=\"color: #000000;\"><strong>CIF:<\/strong> G90183567<\/span><\/p><h2 style=\"color: white;\"><span style=\"color: #000000;\">Condiciones de Uso<\/span><\/h2><p><span style=\"color: #000000;\">El acceso y uso de este sitio web est\u00e1n sujetos a las siguientes condiciones. La utilizaci\u00f3n de este sitio web confirma que usted ha le\u00eddo y aceptado estas condiciones:<\/span><\/p><ul><li><span style=\"color: #000000;\">El contenido de las p\u00e1ginas de este sitio web es para su informaci\u00f3n general y uso exclusivo. Est\u00e1 sujeto a cambios sin previo aviso.<\/span><\/li><li><span style=\"color: #000000;\">Ni nosotros ni terceros proporcionamos garant\u00eda alguna sobre la exactitud, puntualidad, rendimiento, integridad o adecuaci\u00f3n de la informaci\u00f3n y materiales encontrados u ofrecidos en este sitio web para cualquier prop\u00f3sito determinado.<\/span><\/li><li><span style=\"color: #000000;\">El uso de cualquier informaci\u00f3n o material en este sitio web es bajo su propio riesgo, para lo cual no seremos responsables.<\/span><\/li><\/ul><h2 style=\"color: white;\"><span style=\"color: #000000;\">Propiedad Intelectual<\/span><\/h2><p><span style=\"color: #000000;\">Todo el contenido publicado en este sitio web, incluyendo, sin limitaci\u00f3n, textos, gr\u00e1ficos, logotipos, iconos, im\u00e1genes, obras de arte, y el dise\u00f1o gr\u00e1fico, pertenece a la Hermandad de Pasi\u00f3n y Muerte y est\u00e1 protegido por las leyes de propiedad intelectual.<\/span><\/p><h2 style=\"color: white;\"><span style=\"color: #000000;\">Protecci\u00f3n de Datos<\/span><\/h2><p><span style=\"color: #000000;\">De acuerdo con lo establecido por la normativa de Protecci\u00f3n de Datos Personales, le informamos que sus datos son tratados con la m\u00e1xima confidencialidad para gestionar las interacciones con visitantes y miembros de nuestra hermandad.<\/span><\/p><h2 style=\"color: white;\"><span style=\"color: #000000;\">Limitaci\u00f3n de Responsabilidad<\/span><\/h2><p><span style=\"color: #000000;\">La Hermandad no se hace responsable de los da\u00f1os o perjuicios que pudieran derivarse del uso incorrecto de los contenidos de nuestra p\u00e1gina web ni de las consecuencias que puedan derivarse de los errores, defectos o interrupciones en el servicio.<\/span><\/p><h2 style=\"color: white;\"><span style=\"color: #000000;\">Modificaciones<\/span><\/h2><p><span style=\"color: #000000;\">La Hermandad se reserva el derecho de efectuar sin previo aviso las modificaciones que considere oportunas en su sitio web, pudiendo cambiar, suprimir o a\u00f1adir tanto los contenidos y servicios que se presten a trav\u00e9s de la misma como la forma en la que estos aparezcan presentados o localizados en su portal.<\/span><\/p><h2 style=\"color: white;\"><span style=\"color: #000000;\">Enlaces a Terceros<\/span><\/h2><p><span style=\"color: #000000;\">Este sitio web puede contener enlaces a sitios web de terceros. La Hermandad no asume responsabilidad alguna por el contenido, informaci\u00f3n o servicios que puedan aparecer en dichos sitios, que tendr\u00e1n exclusivamente car\u00e1cter informativo y que en ning\u00fan caso implican relaci\u00f3n alguna entre la Hermandad y las personas o entidades titulares de tales contenidos o titulares de los sitios donde se encuentren.<\/span><\/p><\/div>\t\t\t\t\t\t\t\t<\/div>\n\t\t\t\t<\/div>\n\t\t\t\t\t<\/div>\n\t\t\t\t<\/div>\n\t\t\t\t<\/div>\n\t\t","protected":false},"excerpt":{"rendered":"<p>Aviso Legal La presente p\u00e1gina web es propiedad de la Hermandad de Pasi\u00f3n y Muerte de Sevilla, con domicilio social [&hellip;]<\/p>\n","protected":false},"author":1,"featured_media":0,"parent":0,"menu_order":0,"comment_status":"closed","ping_status":"closed","template":"","meta":{"site-sidebar-layout":"no-sidebar","site-content-layout":"","ast-site-content-layout":"full-width-container","site-content-style":"default","site-sidebar-style":"default","ast-global-header-display":"","ast-banner-title-visibility":"","ast-main-header-display":"","ast-hfb-above-header-display":"","ast-hfb-below-header-display":"","ast-hfb-mobile-header-display":"","site-post-title":"disabled","ast-breadcrumbs-content":"","ast-featured-img":"disabled","footer-sml-layout":"","ast-disable-related-posts":"","theme-transparent-header-meta":"","adv-header-id-meta":"","stick-header-meta":"","header-above-stick-meta":"","header-main-stick-meta":"","header-below-stick-meta":"","astra-migrate-meta-layouts":"default","ast-page-background-enabled":"default","ast-page-background-meta":{"desktop":{"background-color":"var(--ast-global-color-5)","background-image":"","background-repeat":"repeat","background-position":"center center","background-size":"auto","background-attachment":"scroll","background-type":"","background-media":"","overlay-type":"","overlay-color":"","overlay-opacity":"","overlay-gradient":""},"tablet":{"background-color":"","background-image":"","background-repeat":"repeat","background-position":"center center","background-size":"auto","background-attachment":"scroll","background-type":"","background-media":"","overlay-type":"","overlay-color":"","overlay-opacity":"","overlay-gradient":""},"mobile":{"background-color":"","background-image":"","background-repeat":"repeat","background-position":"center center","background-size":"auto","background-attachment":"scroll","background-type":"","background-media":"","overlay-type":"","overlay-color":"","overlay-opacity":"","overlay-gradient":""}},"ast-content-background-meta":{"desktop":{"background-color":"var(--ast-global-color-4)","background-image":"","background-repeat":"repeat","background-position":"center center","background-size":"auto","background-attachment":"scroll","background-type":"","background-media":"","overlay-type":"","overlay-color":"","overlay-opacity":"","overlay-gradient":""},"tablet":{"background-color":"var(--ast-global-color-4)","background-image":"","background-repeat":"repeat","background-position":"center center","background-size":"auto","background-attachment":"scroll","background-type":"","background-media":"","overlay-type":"","overlay-color":"","overlay-opacity":"","overlay-gradient":""},"mobile":{"background-color":"var(--ast-global-color-4)","background-image":"","background-repeat":"repeat","background-position":"center center","background-size":"auto","background-attachment":"scroll","background-type":"","background-media":"","overlay-type":"","overlay-color":"","overlay-opacity":"","overlay-gradient":""}},"footnotes":""},"class_list":["post-1589","page","type-page","status-publish","hentry"],"_links":{"self":[{"href":"https:\/\/hermandadpasionymuerte.es\/index.php?rest_route=\/wp\/v2\/pages\/1589","targetHints":{"allow":["GET"]}}],"collection":[{"href":"https:\/\/hermandadpasionymuerte.es\/index.php?rest_route=\/wp\/v2\/pages"}],"about":[{"href":"https:\/\/hermandadpasionymuerte.es\/index.php?rest_route=\/wp\/v2\/types\/page"}],"author":[{"embeddable":true,"href":"https:\/\/hermandadpasionymuerte.es\/index.php?rest_route=\/wp\/v2\/users\/1"}],"replies":[{"embeddable":true,"href":"https:\/\/hermandadpasionymuerte.es\/index.php?rest_route=%2Fwp%2Fv2%2Fcomments&post=1589"}],"version-history":[{"count":4,"href":"https:\/\/hermandadpasionymuerte.es\/index.php?rest_route=\/wp\/v2\/pages\/1589\/revisions"}],"predecessor-version":[{"id":1593,"href":"https:\/\/hermandadpasionymuerte.es\/index.php?rest_route=\/wp\/v2\/pages\/1589\/revisions\/1593"}],"wp:attachment":[{"href":"https:\/\/hermandadpasionymuerte.es\/index.php?rest_route=%2Fwp%2Fv2%2Fmedia&parent=1589"}],"curies":[{"name":"wp","href":"https:\/\/api.w.org\/{rel}","templated":true}]}}