{"id":1594,"date":"2025-02-20T22:07:34","date_gmt":"2025-02-20T22:07:34","guid":{"rendered":"https:\/\/hermandadpasionymuerte.es\/?page_id=1594"},"modified":"2025-02-20T22:08:40","modified_gmt":"2025-02-20T22:08:40","slug":"politica-de-cookies","status":"publish","type":"page","link":"https:\/\/hermandadpasionymuerte.es\/?page_id=1594","title":{"rendered":"Pol\u00edtica de Cookies"},"content":{"rendered":"\t\t<div data-elementor-type=\"wp-page\" data-elementor-id=\"1594\" class=\"elementor elementor-1594\" data-elementor-post-type=\"page\">\n\t\t\t\t<div class=\"elementor-element elementor-element-f184a1c e-flex e-con-boxed e-con e-parent\" data-id=\"f184a1c\" data-element_type=\"container\" data-e-type=\"container\">\n\t\t\t\t\t<div class=\"e-con-inner\">\n\t\t\t\t<div class=\"elementor-element elementor-element-93097d2 elementor-widget elementor-widget-text-editor\" data-id=\"93097d2\" data-element_type=\"widget\" data-e-type=\"widget\" data-widget_type=\"text-editor.default\">\n\t\t\t\t<div class=\"elementor-widget-container\">\n\t\t\t\t\t\t\t\t\t<div style=\"color: white;\"><h1 style=\"color: white;\"><span style=\"color: #000000;\">Pol\u00edtica de Cookies<\/span><\/h1><p><span style=\"color: #000000;\">La Hermandad de Pasi\u00f3n y Muerte de Sevilla utiliza cookies propias y de terceros para mejorar nuestros servicios, facilitar la navegaci\u00f3n, mantener la seguridad, verificar la identidad del usuario, facilitar el acceso a preferencias personales y seguir su uso en el sitio web. Se respetan en todo momento la confidencialidad y la privacidad del usuario conforme a la legislaci\u00f3n vigente.<\/span><\/p><h2 style=\"color: white;\"><span style=\"color: #000000;\">\u00bfQu\u00e9 son las cookies?<\/span><\/h2><p><span style=\"color: #000000;\">Las cookies son peque\u00f1os archivos de texto que se almacenan en el dispositivo del usuario cuando visita casi cualquier p\u00e1gina web. Su utilidad es que la web es capaz de recordar su visita cuando regrese a navegar por esa p\u00e1gina. Las cookies suelen almacenar informaci\u00f3n de car\u00e1cter t\u00e9cnico, preferencias personales, personalizaci\u00f3n de contenidos, estad\u00edsticas de uso, enlaces a redes sociales, acceso a cuentas de usuario, etc.<\/span><\/p><h2 style=\"color: white;\"><span style=\"color: #000000;\">Tipos de cookies utilizadas<\/span><\/h2><h3 style=\"color: white;\"><span style=\"color: #000000;\">Cookies t\u00e9cnicas<\/span><\/h3><p><span style=\"color: #000000;\">Estas cookies son imprescindibles y estrictamente necesarias para el funcionamiento de la web y la utilizaci\u00f3n de las diferentes opciones y servicios que ofrece.<\/span><\/p><h3 style=\"color: white;\"><span style=\"color: #000000;\">Cookies de personalizaci\u00f3n<\/span><\/h3><p><span style=\"color: #000000;\">Permiten al usuario adaptar la web a algunas caracter\u00edsticas generales preestablecidas en su terminal o definir por \u00e9l mismo como, por ejemplo, el idioma o el tipo de navegador a trav\u00e9s del cual se conecta al servicio.<\/span><\/p><h3 style=\"color: white;\"><span style=\"color: #000000;\">Cookies de an\u00e1lisis<\/span><\/h3><p><span style=\"color: #000000;\">Utilizadas por nosotros o por terceros, nos permiten cuantificar el n\u00famero de usuarios y as\u00ed realizar la medici\u00f3n y an\u00e1lisis estad\u00edstico de la utilizaci\u00f3n que hacen los usuarios del servicio ofertado. Para ello se analiza su navegaci\u00f3n en nuestra p\u00e1gina web con el fin de mejorar la oferta de productos o servicios que le ofrecemos.<\/span><\/p><h2 style=\"color: white;\"><span style=\"color: #000000;\">Gesti\u00f3n de cookies<\/span><\/h2><p><span style=\"color: #000000;\">Como usuario, puede gestionar las cookies y, por lo tanto, rechazarlas de manera individual o total, en su navegador. Si desactiva las cookies, puede que algunos de los servicios disponibles no est\u00e9n operativos. La forma en la que puede desactivar las cookies es diferente para cada navegador, pero normalmente puede hacerse desde el men\u00fa Herramientas u Opciones. Tambi\u00e9n puede consultarse el men\u00fa de Ayuda del navegador donde se ofrece asistencia para configurarlo.<\/span><\/p><h2 style=\"color: white;\"><span style=\"color: #000000;\">Cambios en la Pol\u00edtica de Cookies<\/span><\/h2><p><span style=\"color: #000000;\">La Hermandad de Pasi\u00f3n y Muerte de Sevilla puede modificar esta Pol\u00edtica de Cookies en funci\u00f3n de exigencias legislativas, reglamentarias, o con el fin de adaptar dicha pol\u00edtica a las instrucciones dictadas por la Agencia Espa\u00f1ola de Protecci\u00f3n de Datos. Los usuarios que visitan la web son aconsejados de revisar esta pol\u00edtica cada vez que accedan al sitio web.<\/span><\/p><h2 style=\"color: white;\"><span style=\"color: #000000;\">Consentimiento<\/span><\/h2><p><span style=\"color: #000000;\">Al navegar y continuar en nuestro sitio web, usted est\u00e1 consintiendo el uso de las cookies en las condiciones contenidas en la presente Pol\u00edtica de Cookies.<\/span><\/p><\/div>\t\t\t\t\t\t\t\t<\/div>\n\t\t\t\t<\/div>\n\t\t\t\t\t<\/div>\n\t\t\t\t<\/div>\n\t\t\t\t<\/div>\n\t\t","protected":false},"excerpt":{"rendered":"<p>Pol\u00edtica de Cookies La Hermandad de Pasi\u00f3n y Muerte de Sevilla utiliza cookies propias y de terceros para mejorar nuestros [&hellip;]<\/p>\n","protected":false},"author":1,"featured_media":0,"parent":0,"menu_order":0,"comment_status":"closed","ping_status":"closed","template":"","meta":{"site-sidebar-layout":"no-sidebar","site-content-layout":"","ast-site-content-layout":"full-width-container","site-content-style":"default","site-sidebar-style":"default","ast-global-header-display":"","ast-banner-title-visibility":"","ast-main-header-display":"","ast-hfb-above-header-display":"","ast-hfb-below-header-display":"","ast-hfb-mobile-header-display":"","site-post-title":"disabled","ast-breadcrumbs-content":"","ast-featured-img":"disabled","footer-sml-layout":"","ast-disable-related-posts":"","theme-transparent-header-meta":"","adv-header-id-meta":"","stick-header-meta":"","header-above-stick-meta":"","header-main-stick-meta":"","header-below-stick-meta":"","astra-migrate-meta-layouts":"default","ast-page-background-enabled":"default","ast-page-background-meta":{"desktop":{"background-color":"var(--ast-global-color-5)","background-image":"","background-repeat":"repeat","background-position":"center center","background-size":"auto","background-attachment":"scroll","background-type":"","background-media":"","overlay-type":"","overlay-color":"","overlay-opacity":"","overlay-gradient":""},"tablet":{"background-color":"","background-image":"","background-repeat":"repeat","background-position":"center center","background-size":"auto","background-attachment":"scroll","background-type":"","background-media":"","overlay-type":"","overlay-color":"","overlay-opacity":"","overlay-gradient":""},"mobile":{"background-color":"","background-image":"","background-repeat":"repeat","background-position":"center center","background-size":"auto","background-attachment":"scroll","background-type":"","background-media":"","overlay-type":"","overlay-color":"","overlay-opacity":"","overlay-gradient":""}},"ast-content-background-meta":{"desktop":{"background-color":"var(--ast-global-color-4)","background-image":"","background-repeat":"repeat","background-position":"center center","background-size":"auto","background-attachment":"scroll","background-type":"","background-media":"","overlay-type":"","overlay-color":"","overlay-opacity":"","overlay-gradient":""},"tablet":{"background-color":"var(--ast-global-color-4)","background-image":"","background-repeat":"repeat","background-position":"center center","background-size":"auto","background-attachment":"scroll","background-type":"","background-media":"","overlay-type":"","overlay-color":"","overlay-opacity":"","overlay-gradient":""},"mobile":{"background-color":"var(--ast-global-color-4)","background-image":"","background-repeat":"repeat","background-position":"center center","background-size":"auto","background-attachment":"scroll","background-type":"","background-media":"","overlay-type":"","overlay-color":"","overlay-opacity":"","overlay-gradient":""}},"footnotes":""},"class_list":["post-1594","page","type-page","status-publish","hentry"],"_links":{"self":[{"href":"https:\/\/hermandadpasionymuerte.es\/index.php?rest_route=\/wp\/v2\/pages\/1594","targetHints":{"allow":["GET"]}}],"collection":[{"href":"https:\/\/hermandadpasionymuerte.es\/index.php?rest_route=\/wp\/v2\/pages"}],"about":[{"href":"https:\/\/hermandadpasionymuerte.es\/index.php?rest_route=\/wp\/v2\/types\/page"}],"author":[{"embeddable":true,"href":"https:\/\/hermandadpasionymuerte.es\/index.php?rest_route=\/wp\/v2\/users\/1"}],"replies":[{"embeddable":true,"href":"https:\/\/hermandadpasionymuerte.es\/index.php?rest_route=%2Fwp%2Fv2%2Fcomments&post=1594"}],"version-history":[{"count":4,"href":"https:\/\/hermandadpasionymuerte.es\/index.php?rest_route=\/wp\/v2\/pages\/1594\/revisions"}],"predecessor-version":[{"id":1598,"href":"https:\/\/hermandadpasionymuerte.es\/index.php?rest_route=\/wp\/v2\/pages\/1594\/revisions\/1598"}],"wp:attachment":[{"href":"https:\/\/hermandadpasionymuerte.es\/index.php?rest_route=%2Fwp%2Fv2%2Fmedia&parent=1594"}],"curies":[{"name":"wp","href":"https:\/\/api.w.org\/{rel}","templated":true}]}}