{"id":2258,"date":"2025-03-19T13:24:26","date_gmt":"2025-03-19T13:24:26","guid":{"rendered":"https:\/\/hermandadpasionymuerte.es\/?page_id=2258"},"modified":"2025-03-19T13:40:58","modified_gmt":"2025-03-19T13:40:58","slug":"como-accedo-al-portal-del-hermano","status":"publish","type":"page","link":"https:\/\/hermandadpasionymuerte.es\/?page_id=2258","title":{"rendered":"\u00bfC\u00f3mo accedo al portal del hermano?"},"content":{"rendered":"<p style=\"text-align: justify;\">Te explicamos paso a paso como acceder al portal del hermano y las diferentes gestiones.<\/p>\n<p style=\"text-align: justify;\">1.Primer acceso.<\/p>\n<p style=\"text-align: justify;\">Si es la primera vez que accedes al portal del hermano deberas pinchar en \u00abCrear acceso\u00bb.<\/p>\n<p><img fetchpriority=\"high\" decoding=\"async\" class=\"aligncenter wp-image-2261 size-large\" src=\"https:\/\/hermandadpasionymuerte.es\/wp-content\/uploads\/2025\/03\/Diapositiva3-1024x759.jpeg\" alt=\"\" width=\"1024\" height=\"759\" srcset=\"https:\/\/hermandadpasionymuerte.es\/wp-content\/uploads\/2025\/03\/Diapositiva3-1024x759.jpeg 1024w, https:\/\/hermandadpasionymuerte.es\/wp-content\/uploads\/2025\/03\/Diapositiva3-300x222.jpeg 300w, https:\/\/hermandadpasionymuerte.es\/wp-content\/uploads\/2025\/03\/Diapositiva3-768x569.jpeg 768w, https:\/\/hermandadpasionymuerte.es\/wp-content\/uploads\/2025\/03\/Diapositiva3-1536x1138.jpeg 1536w, https:\/\/hermandadpasionymuerte.es\/wp-content\/uploads\/2025\/03\/Diapositiva3-2048x1518.jpeg 2048w\" sizes=\"(max-width: 1024px) 100vw, 1024px\" \/><\/p>\n<p style=\"text-align: justify;\">Aparecer\u00e1 una pantalla donde deber\u00e1s rellenar los siguientes datos y posteriormente pinchar en aceptar.<\/p>\n<p><img decoding=\"async\" class=\"aligncenter wp-image-2262 size-large\" src=\"https:\/\/hermandadpasionymuerte.es\/wp-content\/uploads\/2025\/03\/Diapositiva4-1024x759.jpeg\" alt=\"\" width=\"1024\" height=\"759\" srcset=\"https:\/\/hermandadpasionymuerte.es\/wp-content\/uploads\/2025\/03\/Diapositiva4-1024x759.jpeg 1024w, https:\/\/hermandadpasionymuerte.es\/wp-content\/uploads\/2025\/03\/Diapositiva4-300x222.jpeg 300w, https:\/\/hermandadpasionymuerte.es\/wp-content\/uploads\/2025\/03\/Diapositiva4-768x569.jpeg 768w, https:\/\/hermandadpasionymuerte.es\/wp-content\/uploads\/2025\/03\/Diapositiva4-1536x1138.jpeg 1536w, https:\/\/hermandadpasionymuerte.es\/wp-content\/uploads\/2025\/03\/Diapositiva4-2048x1518.jpeg 2048w\" sizes=\"(max-width: 1024px) 100vw, 1024px\" \/><\/p>\n<p style=\"text-align: justify;\">Recibir\u00e1s un email con una contrase\u00f1a provisional. En pantalla inicial introduce tu usuario (tu DNI con letra incluida ej: 12345678A) y la contrase\u00f1a provisional que recibiste en el email y pinchas en \u00abentrar\u00bb para acceder.<\/p>\n<p><img decoding=\"async\" class=\"aligncenter wp-image-2259 size-large\" src=\"https:\/\/hermandadpasionymuerte.es\/wp-content\/uploads\/2025\/03\/Diapositiva1-1024x759.jpeg\" alt=\"\" width=\"1024\" height=\"759\" srcset=\"https:\/\/hermandadpasionymuerte.es\/wp-content\/uploads\/2025\/03\/Diapositiva1-1024x759.jpeg 1024w, https:\/\/hermandadpasionymuerte.es\/wp-content\/uploads\/2025\/03\/Diapositiva1-300x222.jpeg 300w, https:\/\/hermandadpasionymuerte.es\/wp-content\/uploads\/2025\/03\/Diapositiva1-768x569.jpeg 768w, https:\/\/hermandadpasionymuerte.es\/wp-content\/uploads\/2025\/03\/Diapositiva1-1536x1138.jpeg 1536w, https:\/\/hermandadpasionymuerte.es\/wp-content\/uploads\/2025\/03\/Diapositiva1-2048x1518.jpeg 2048w\" sizes=\"(max-width: 1024px) 100vw, 1024px\" \/><\/p>\n<p style=\"text-align: justify;\">En el caso de que por este m\u00e9todo no pudieses acceder, sit\u00faate en la pantalla inicial y pincha en \u00abRecuperar Contrase\u00f1a\u00bb, seguidamente te pedir\u00e1 tu email y recibir\u00e1s por correo electr\u00f3nico una contrase\u00f1a provisional. Una vez tenemos la contrase\u00f1a provisional actuamos igual que el \u00faltimo paso del caso anterior.<\/p>\n<p><img loading=\"lazy\" decoding=\"async\" class=\"aligncenter wp-image-2260 size-large\" src=\"https:\/\/hermandadpasionymuerte.es\/wp-content\/uploads\/2025\/03\/Diapositiva2-1024x759.jpeg\" alt=\"\" width=\"1024\" height=\"759\" srcset=\"https:\/\/hermandadpasionymuerte.es\/wp-content\/uploads\/2025\/03\/Diapositiva2-1024x759.jpeg 1024w, https:\/\/hermandadpasionymuerte.es\/wp-content\/uploads\/2025\/03\/Diapositiva2-300x222.jpeg 300w, https:\/\/hermandadpasionymuerte.es\/wp-content\/uploads\/2025\/03\/Diapositiva2-768x569.jpeg 768w, https:\/\/hermandadpasionymuerte.es\/wp-content\/uploads\/2025\/03\/Diapositiva2-1536x1138.jpeg 1536w, https:\/\/hermandadpasionymuerte.es\/wp-content\/uploads\/2025\/03\/Diapositiva2-2048x1518.jpeg 2048w\" sizes=\"(max-width: 1024px) 100vw, 1024px\" \/><\/p>\n<p style=\"text-align: justify;\">Advertencia: El email que introduzcas tiene que ser el mismo que el recogido en la base de datos de la Hermandad. En caso de que no sea posible acceder por ninguno de estas opciones rogamos contacten con la Secretar\u00eda de nuestra Hermandad.<\/p>\n<p style=\"text-align: justify;\">2.Gestiones.<\/p>\n<p style=\"text-align: justify;\">Una vez dentro del portal, recomendamos que antes de realizar alguna otra gesti\u00f3n se modifique la contrase\u00f1a e introduzcas una personalizada. Pincha en \u00abGrabar\u00bb para guardar cada modificaci\u00f3n.<\/p>\n<p><img loading=\"lazy\" decoding=\"async\" class=\"aligncenter wp-image-2263 size-large\" src=\"https:\/\/hermandadpasionymuerte.es\/wp-content\/uploads\/2025\/03\/Diapositiva5-1024x759.jpeg\" alt=\"\" width=\"1024\" height=\"759\" srcset=\"https:\/\/hermandadpasionymuerte.es\/wp-content\/uploads\/2025\/03\/Diapositiva5-1024x759.jpeg 1024w, https:\/\/hermandadpasionymuerte.es\/wp-content\/uploads\/2025\/03\/Diapositiva5-300x222.jpeg 300w, https:\/\/hermandadpasionymuerte.es\/wp-content\/uploads\/2025\/03\/Diapositiva5-768x569.jpeg 768w, https:\/\/hermandadpasionymuerte.es\/wp-content\/uploads\/2025\/03\/Diapositiva5-1536x1138.jpeg 1536w, https:\/\/hermandadpasionymuerte.es\/wp-content\/uploads\/2025\/03\/Diapositiva5-2048x1518.jpeg 2048w\" sizes=\"(max-width: 1024px) 100vw, 1024px\" \/><\/p>\n<p style=\"text-align: justify;\">Los campos que est\u00e1n en tonos rosados son los que pueden ser editados por los hermanos, los cuales pedimos que sean revisados y en su caso corregidos.<\/p>\n<p style=\"text-align: justify;\">Si pinchamos en la pesta\u00f1a \u00abRecibos\u00bb podremos ver nuestras cuotas y donativos realizados, as\u00ed como los pendientes de pago. Para pagar las cuotas o donativos, en nuestra web, debemos acceder al apartado \u00abJunta de Gobierno\u00bb &gt; \u00abDiputaciones\u00bb &gt; \u00abMayordom\u00eda\u00bb, donde se explica los m\u00e9todos de pago.<\/p>\n<p style=\"text-align: justify;\"><img loading=\"lazy\" decoding=\"async\" class=\"aligncenter wp-image-2264 size-large\" src=\"https:\/\/hermandadpasionymuerte.es\/wp-content\/uploads\/2025\/03\/Diapositiva6-1024x759.jpeg\" alt=\"\" width=\"1024\" height=\"759\" srcset=\"https:\/\/hermandadpasionymuerte.es\/wp-content\/uploads\/2025\/03\/Diapositiva6-1024x759.jpeg 1024w, https:\/\/hermandadpasionymuerte.es\/wp-content\/uploads\/2025\/03\/Diapositiva6-300x222.jpeg 300w, https:\/\/hermandadpasionymuerte.es\/wp-content\/uploads\/2025\/03\/Diapositiva6-768x569.jpeg 768w, https:\/\/hermandadpasionymuerte.es\/wp-content\/uploads\/2025\/03\/Diapositiva6-1536x1138.jpeg 1536w, https:\/\/hermandadpasionymuerte.es\/wp-content\/uploads\/2025\/03\/Diapositiva6-2048x1518.jpeg 2048w\" sizes=\"(max-width: 1024px) 100vw, 1024px\" \/><\/p>\n<p style=\"text-align: justify;\">En la pesta\u00f1a \u00abPapeletas de Sitio\u00bb podremos consultar nuestro puesto en la Cofrad\u00eda en a\u00f1os anteriores. En la pesta\u00f1a \u00abCorreo\u00bb se podr\u00e1 contactar con la Secretar\u00eda de la Hermandad para cualquier asunto.<\/p>\n<p style=\"text-align: justify;\">3.Solicitud de Insignias.<\/p>\n<p style=\"text-align: justify;\">Para solicitar insignia de cara a la pr\u00f3xima Estaci\u00f3n de Penitencia, tenemos que pinchar en el apartado \u00abSolicitud de sitio\u00bb y posteriormente en \u00abA\u00f1adir\u00bb.<\/p>\n<p><img loading=\"lazy\" decoding=\"async\" class=\"aligncenter wp-image-2265 size-large\" src=\"https:\/\/hermandadpasionymuerte.es\/wp-content\/uploads\/2025\/03\/Diapositiva7-1024x759.jpeg\" alt=\"\" width=\"1024\" height=\"759\" srcset=\"https:\/\/hermandadpasionymuerte.es\/wp-content\/uploads\/2025\/03\/Diapositiva7-1024x759.jpeg 1024w, https:\/\/hermandadpasionymuerte.es\/wp-content\/uploads\/2025\/03\/Diapositiva7-300x222.jpeg 300w, https:\/\/hermandadpasionymuerte.es\/wp-content\/uploads\/2025\/03\/Diapositiva7-768x569.jpeg 768w, https:\/\/hermandadpasionymuerte.es\/wp-content\/uploads\/2025\/03\/Diapositiva7-1536x1138.jpeg 1536w, https:\/\/hermandadpasionymuerte.es\/wp-content\/uploads\/2025\/03\/Diapositiva7-2048x1518.jpeg 2048w\" sizes=\"(max-width: 1024px) 100vw, 1024px\" \/><\/p>\n<p style=\"text-align: justify;\">En la siguiente pantalla pinchamos del desplegable y seleccionamos la opci\u00f3n deseada.<\/p>\n<p><img loading=\"lazy\" decoding=\"async\" class=\"aligncenter wp-image-2266 size-large\" src=\"https:\/\/hermandadpasionymuerte.es\/wp-content\/uploads\/2025\/03\/Diapositiva8-1024x759.jpeg\" alt=\"\" width=\"1024\" height=\"759\" srcset=\"https:\/\/hermandadpasionymuerte.es\/wp-content\/uploads\/2025\/03\/Diapositiva8-1024x759.jpeg 1024w, https:\/\/hermandadpasionymuerte.es\/wp-content\/uploads\/2025\/03\/Diapositiva8-300x222.jpeg 300w, https:\/\/hermandadpasionymuerte.es\/wp-content\/uploads\/2025\/03\/Diapositiva8-768x569.jpeg 768w, https:\/\/hermandadpasionymuerte.es\/wp-content\/uploads\/2025\/03\/Diapositiva8-1536x1138.jpeg 1536w, https:\/\/hermandadpasionymuerte.es\/wp-content\/uploads\/2025\/03\/Diapositiva8-2048x1518.jpeg 2048w\" sizes=\"(max-width: 1024px) 100vw, 1024px\" \/><\/p>\n<p><img loading=\"lazy\" decoding=\"async\" class=\"aligncenter wp-image-2267 size-large\" src=\"https:\/\/hermandadpasionymuerte.es\/wp-content\/uploads\/2025\/03\/Diapositiva9-1024x759.jpeg\" alt=\"\" width=\"1024\" height=\"759\" srcset=\"https:\/\/hermandadpasionymuerte.es\/wp-content\/uploads\/2025\/03\/Diapositiva9-1024x759.jpeg 1024w, https:\/\/hermandadpasionymuerte.es\/wp-content\/uploads\/2025\/03\/Diapositiva9-300x222.jpeg 300w, https:\/\/hermandadpasionymuerte.es\/wp-content\/uploads\/2025\/03\/Diapositiva9-768x569.jpeg 768w, https:\/\/hermandadpasionymuerte.es\/wp-content\/uploads\/2025\/03\/Diapositiva9-1536x1138.jpeg 1536w, https:\/\/hermandadpasionymuerte.es\/wp-content\/uploads\/2025\/03\/Diapositiva9-2048x1518.jpeg 2048w\" sizes=\"(max-width: 1024px) 100vw, 1024px\" \/><\/p>\n<p style=\"text-align: justify;\">Pinchamos en \u00abAceptar\u00bb y la solicitud quedar\u00e1 realizada.<\/p>\n<p style=\"text-align: justify;\"><img loading=\"lazy\" decoding=\"async\" class=\"aligncenter wp-image-2268 size-large\" src=\"https:\/\/hermandadpasionymuerte.es\/wp-content\/uploads\/2025\/03\/Diapositiva10-1024x759.jpeg\" alt=\"\" width=\"1024\" height=\"759\" srcset=\"https:\/\/hermandadpasionymuerte.es\/wp-content\/uploads\/2025\/03\/Diapositiva10-1024x759.jpeg 1024w, https:\/\/hermandadpasionymuerte.es\/wp-content\/uploads\/2025\/03\/Diapositiva10-300x222.jpeg 300w, https:\/\/hermandadpasionymuerte.es\/wp-content\/uploads\/2025\/03\/Diapositiva10-768x569.jpeg 768w, https:\/\/hermandadpasionymuerte.es\/wp-content\/uploads\/2025\/03\/Diapositiva10-1536x1138.jpeg 1536w, https:\/\/hermandadpasionymuerte.es\/wp-content\/uploads\/2025\/03\/Diapositiva10-2048x1518.jpeg 2048w\" sizes=\"(max-width: 1024px) 100vw, 1024px\" \/><\/p>\n<p style=\"text-align: justify;\">No olvides pinchar en \u00abGrabar\u00bb para guardar la solicitud.<\/p>\n<p style=\"text-align: justify;\"><img loading=\"lazy\" decoding=\"async\" class=\"wp-image-2269 size-large aligncenter\" src=\"https:\/\/hermandadpasionymuerte.es\/wp-content\/uploads\/2025\/03\/Diapositiva11-1024x759.jpeg\" alt=\"\" width=\"1024\" height=\"759\" srcset=\"https:\/\/hermandadpasionymuerte.es\/wp-content\/uploads\/2025\/03\/Diapositiva11-1024x759.jpeg 1024w, https:\/\/hermandadpasionymuerte.es\/wp-content\/uploads\/2025\/03\/Diapositiva11-300x222.jpeg 300w, https:\/\/hermandadpasionymuerte.es\/wp-content\/uploads\/2025\/03\/Diapositiva11-768x569.jpeg 768w, https:\/\/hermandadpasionymuerte.es\/wp-content\/uploads\/2025\/03\/Diapositiva11-1536x1138.jpeg 1536w, https:\/\/hermandadpasionymuerte.es\/wp-content\/uploads\/2025\/03\/Diapositiva11-2048x1518.jpeg 2048w\" sizes=\"(max-width: 1024px) 100vw, 1024px\" \/><\/p>\n<p style=\"text-align: justify;\">En caso de solicitar cirio, rogamos que para cirios medianos poner \u00abMediano\u00bb o \u00abPeque\u00f1o\u00bb en el apartado de observaciones.<\/p>\n<p style=\"text-align: justify;\"><img loading=\"lazy\" decoding=\"async\" class=\"wp-image-2270 size-large aligncenter\" src=\"https:\/\/hermandadpasionymuerte.es\/wp-content\/uploads\/2025\/03\/Diapositiva12-1024x759.jpeg\" alt=\"\" width=\"1024\" height=\"759\" srcset=\"https:\/\/hermandadpasionymuerte.es\/wp-content\/uploads\/2025\/03\/Diapositiva12-1024x759.jpeg 1024w, https:\/\/hermandadpasionymuerte.es\/wp-content\/uploads\/2025\/03\/Diapositiva12-300x222.jpeg 300w, https:\/\/hermandadpasionymuerte.es\/wp-content\/uploads\/2025\/03\/Diapositiva12-768x569.jpeg 768w, https:\/\/hermandadpasionymuerte.es\/wp-content\/uploads\/2025\/03\/Diapositiva12-1536x1138.jpeg 1536w, https:\/\/hermandadpasionymuerte.es\/wp-content\/uploads\/2025\/03\/Diapositiva12-2048x1518.jpeg 2048w\" sizes=\"(max-width: 1024px) 100vw, 1024px\" \/><\/p>\n<p style=\"text-align: justify;\">Repitiendo los pasos puedes realizar hasta un m\u00e1ximo de 3 solicitudes. El orden de preferencia ser\u00e1 tal como aparezca, en caso de querer modificarlo, selecciona la solicitud y pincha en \u00abSubir\u00bb o \u00abBajar\u00bb.<\/p>\n<p><img loading=\"lazy\" decoding=\"async\" class=\"aligncenter wp-image-2271 size-large\" src=\"https:\/\/hermandadpasionymuerte.es\/wp-content\/uploads\/2025\/03\/Diapositiva13-1024x759.jpeg\" alt=\"\" width=\"1024\" height=\"759\" srcset=\"https:\/\/hermandadpasionymuerte.es\/wp-content\/uploads\/2025\/03\/Diapositiva13-1024x759.jpeg 1024w, https:\/\/hermandadpasionymuerte.es\/wp-content\/uploads\/2025\/03\/Diapositiva13-300x222.jpeg 300w, https:\/\/hermandadpasionymuerte.es\/wp-content\/uploads\/2025\/03\/Diapositiva13-768x569.jpeg 768w, https:\/\/hermandadpasionymuerte.es\/wp-content\/uploads\/2025\/03\/Diapositiva13-1536x1138.jpeg 1536w, https:\/\/hermandadpasionymuerte.es\/wp-content\/uploads\/2025\/03\/Diapositiva13-2048x1518.jpeg 2048w\" sizes=\"(max-width: 1024px) 100vw, 1024px\" \/><\/p>\n<p style=\"text-align: justify;\">No olvides pinchar en \u00abGrabar\u00bb para guardar cualquier modificaci\u00f3n. Recibir\u00e1s un email con cada solicitud realizada.<\/p>\n<p style=\"text-align: justify;\">Para cualquier consulta, no dudes en contactar con la Secretar\u00eda de nuestra Hermandad.<\/p>\n","protected":false},"excerpt":{"rendered":"<p>Te explicamos paso a paso como acceder al portal del hermano y las diferentes gestiones. 1.Primer acceso. Si es la [&hellip;]<\/p>\n","protected":false},"author":2,"featured_media":0,"parent":0,"menu_order":0,"comment_status":"closed","ping_status":"closed","template":"","meta":{"site-sidebar-layout":"default","site-content-layout":"","ast-site-content-layout":"default","site-content-style":"default","site-sidebar-style":"default","ast-global-header-display":"","ast-banner-title-visibility":"","ast-main-header-display":"","ast-hfb-above-header-display":"","ast-hfb-below-header-display":"","ast-hfb-mobile-header-display":"","site-post-title":"","ast-breadcrumbs-content":"","ast-featured-img":"","footer-sml-layout":"","ast-disable-related-posts":"","theme-transparent-header-meta":"default","adv-header-id-meta":"","stick-header-meta":"","header-above-stick-meta":"","header-main-stick-meta":"","header-below-stick-meta":"","astra-migrate-meta-layouts":"set","ast-page-background-enabled":"default","ast-page-background-meta":{"desktop":{"background-color":"var(--ast-global-color-5)","background-image":"","background-repeat":"repeat","background-position":"center center","background-size":"auto","background-attachment":"scroll","background-type":"","background-media":"","overlay-type":"","overlay-color":"","overlay-opacity":"","overlay-gradient":""},"tablet":{"background-color":"","background-image":"","background-repeat":"repeat","background-position":"center center","background-size":"auto","background-attachment":"scroll","background-type":"","background-media":"","overlay-type":"","overlay-color":"","overlay-opacity":"","overlay-gradient":""},"mobile":{"background-color":"","background-image":"","background-repeat":"repeat","background-position":"center center","background-size":"auto","background-attachment":"scroll","background-type":"","background-media":"","overlay-type":"","overlay-color":"","overlay-opacity":"","overlay-gradient":""}},"ast-content-background-meta":{"desktop":{"background-color":"var(--ast-global-color-4)","background-image":"","background-repeat":"repeat","background-position":"center center","background-size":"auto","background-attachment":"scroll","background-type":"","background-media":"","overlay-type":"","overlay-color":"","overlay-opacity":"","overlay-gradient":""},"tablet":{"background-color":"var(--ast-global-color-4)","background-image":"","background-repeat":"repeat","background-position":"center center","background-size":"auto","background-attachment":"scroll","background-type":"","background-media":"","overlay-type":"","overlay-color":"","overlay-opacity":"","overlay-gradient":""},"mobile":{"background-color":"var(--ast-global-color-4)","background-image":"","background-repeat":"repeat","background-position":"center center","background-size":"auto","background-attachment":"scroll","background-type":"","background-media":"","overlay-type":"","overlay-color":"","overlay-opacity":"","overlay-gradient":""}},"footnotes":""},"class_list":["post-2258","page","type-page","status-publish","hentry"],"_links":{"self":[{"href":"https:\/\/hermandadpasionymuerte.es\/index.php?rest_route=\/wp\/v2\/pages\/2258","targetHints":{"allow":["GET"]}}],"collection":[{"href":"https:\/\/hermandadpasionymuerte.es\/index.php?rest_route=\/wp\/v2\/pages"}],"about":[{"href":"https:\/\/hermandadpasionymuerte.es\/index.php?rest_route=\/wp\/v2\/types\/page"}],"author":[{"embeddable":true,"href":"https:\/\/hermandadpasionymuerte.es\/index.php?rest_route=\/wp\/v2\/users\/2"}],"replies":[{"embeddable":true,"href":"https:\/\/hermandadpasionymuerte.es\/index.php?rest_route=%2Fwp%2Fv2%2Fcomments&post=2258"}],"version-history":[{"count":3,"href":"https:\/\/hermandadpasionymuerte.es\/index.php?rest_route=\/wp\/v2\/pages\/2258\/revisions"}],"predecessor-version":[{"id":2274,"href":"https:\/\/hermandadpasionymuerte.es\/index.php?rest_route=\/wp\/v2\/pages\/2258\/revisions\/2274"}],"wp:attachment":[{"href":"https:\/\/hermandadpasionymuerte.es\/index.php?rest_route=%2Fwp%2Fv2%2Fmedia&parent=2258"}],"curies":[{"name":"wp","href":"https:\/\/api.w.org\/{rel}","templated":true}]}}