{"id":2532,"date":"2025-05-02T07:46:26","date_gmt":"2025-05-02T07:46:26","guid":{"rendered":"https:\/\/hermandadpasionymuerte.es\/?page_id=2532"},"modified":"2025-05-02T11:11:07","modified_gmt":"2025-05-02T11:11:07","slug":"juntas-de-gobierno-1993-2024","status":"publish","type":"page","link":"https:\/\/hermandadpasionymuerte.es\/?page_id=2532","title":{"rendered":"Juntas de Gobierno (1993-2024)"},"content":{"rendered":"<p style=\"text-align: justify;\">Son muchos los hermanos que han pertenecido al Gobierno de nuestra Corporaci\u00f3n, impuls\u00e1ndola y trabajando para sus miembros. Es por ello que desde aqu\u00ed queremos dejar constancia de esos nombres, agradeci\u00e9ndoles su labor por nuestra Hermandad.<\/p>\n<p style=\"text-align: justify;\">1.<strong>Asociaci\u00f3n Pro-Hermandad del Cristo de Pasi\u00f3n y Muerte y Ntra. Sra. del Desconsuelo<\/strong>. (Calle Magallanes, 4)<\/p>\n<p style=\"padding-left: 40px;\">Acta fundacional (16 de abril de 1993)<\/p>\n<p style=\"padding-left: 80px;\">Antonio Navarro Moran (Secretario)<\/p>\n<p style=\"padding-left: 80px;\">Francisco Javier Navarro Arteaga<\/p>\n<p style=\"padding-left: 80px;\">Jos\u00e9 D\u00edaz Gonz\u00e1lez<\/p>\n<p style=\"padding-left: 80px;\">Fernando G\u00f3mez de la Rosa<\/p>\n<p style=\"padding-left: 80px;\">Francisco Javier Navarro Blanco<\/p>\n<p style=\"padding-left: 80px;\">Pedro Navarro Arteaga<\/p>\n<p style=\"padding-left: 80px;\">Manuel Albenca de la Rosa<\/p>\n<p style=\"padding-left: 80px;\">Jos\u00e9 Luis Guerrero Ben\u00edtez<\/p>\n<p>&nbsp;<\/p>\n<p style=\"padding-left: 40px;\">Junta Fundacional (2 de junio de 1993)<\/p>\n<p style=\"padding-left: 80px;\">Presidente: Francisco Javier Navarro Arteaga<\/p>\n<p style=\"padding-left: 80px;\">Vicepresidente 1\u00ba: Antonio Navarro Mor\u00e1n<\/p>\n<p style=\"padding-left: 80px;\">Vicepresidente 2\u00ba: Jos\u00e9 D\u00edaz Gonz\u00e1lez<\/p>\n<p style=\"padding-left: 80px;\">Secretario: Fernando G\u00f3mez de la Rosa<\/p>\n<p style=\"padding-left: 80px;\">Tesorero: Francisco Javier Navarro Blanco<\/p>\n<p style=\"padding-left: 80px;\">Vocal 1\u00ba: Pedro Navarro Arteaga<\/p>\n<p style=\"padding-left: 80px;\">Vocal 2\u00ba: Manuel Albenca de la Rosa<\/p>\n<p style=\"padding-left: 80px;\">Vocal 3\u00ba: Jos\u00e9 Luis Guerrero Ben\u00edtez<\/p>\n<p style=\"padding-left: 80px;\">Vocal 4\u00ba: Jos\u00e9 Antonio Navarro Arteaga<\/p>\n<p>&nbsp;<\/p>\n<p style=\"padding-left: 40px;\">Junta Fundacional (22 de junio de 1993)<\/p>\n<p style=\"padding-left: 80px;\">Presidente: Francisco Javier Navarro Arteaga<\/p>\n<p style=\"padding-left: 80px;\">Vicepresidente: Antonio Navarro Mor\u00e1n<\/p>\n<p style=\"padding-left: 80px;\">Secretario: Fernando G\u00f3mez de la Rosa<\/p>\n<p style=\"padding-left: 80px;\">Tesorero: Francisco Javier Navarro Blanco<\/p>\n<p style=\"padding-left: 80px;\">Vocal 1\u00ba: Manuel Albenca de la Rosa<\/p>\n<p style=\"padding-left: 80px;\">Vocal 2\u00ba: Jos\u00e9 Luis Guerrero Ben\u00edtez<\/p>\n<p style=\"padding-left: 80px;\">Vocal 3\u00ba: Jos\u00e9 Antonio Navarro Arteaga<\/p>\n<p style=\"padding-left: 80px;\">Vocal 4\u00ba: Luis Sevilla de Isla<\/p>\n<p style=\"padding-left: 80px;\">Vocal 5\u00ba: Jos\u00e9 Albenca Torres<\/p>\n<p style=\"padding-left: 80px;\">Vocal 6\u00ba: Juan Jos\u00e9 L\u00f3pez Santacana<\/p>\n<p style=\"padding-left: 80px;\">Vocal 7\u00ba: Manuel Vargas Albarrac\u00edn<\/p>\n<p style=\"padding-left: 80px;\">Vocal 8\u00ba: Alejandro Domingo Mart\u00ednez<\/p>\n<p>&nbsp;<\/p>\n<p style=\"padding-left: 40px;\">Junta Fundacional (13 de septiembre de 1993)<\/p>\n<p style=\"padding-left: 80px;\">Presidente: Francisco Javier Navarro Arteaga<\/p>\n<p style=\"padding-left: 80px;\">Vicepresidente: Antonio Navarro Mor\u00e1n<\/p>\n<p style=\"padding-left: 80px;\">Mayordomo 1\u00ba: Francisco Javier Navarro Blanco<\/p>\n<p style=\"padding-left: 80px;\">Mayordomo 2\u00ba: Fernando G\u00f3mez de la Rosa<\/p>\n<p style=\"padding-left: 80px;\">Secretario 1\u00ba: Alejandro Domingo Mart\u00ednez<\/p>\n<p style=\"padding-left: 80px;\">Secretario 2\u00ba: Manuel Vargas Albarrac\u00edn<\/p>\n<p style=\"padding-left: 80px;\">Prioste 1\u00ba: Jos\u00e9 Antonio Navarro Arteaga<\/p>\n<p style=\"padding-left: 80px;\">Prioste 2\u00ba: V\u00edctor Manuel Vela P\u00e9rez<\/p>\n<p style=\"padding-left: 80px;\">Vocal 1\u00ba: Manuel Albenca de la Rosa<\/p>\n<p style=\"padding-left: 80px;\">Vocal 2\u00ba: Jos\u00e9 Luis Guerrero Ben\u00edtez<\/p>\n<p>&nbsp;<\/p>\n<p style=\"text-align: justify;\">2.<strong>Grupo de Oraci\u00f3n del Stmo. Cristo de Pasi\u00f3n y Muerte y Ntra. Sra. del Desconsuelo y Visitaci\u00f3n<\/strong>. (Parroquia de Ntra. Sra. de la O)<\/p>\n<p style=\"padding-left: 40px;\">Grupo Responsable (8 de enero de 1998)<\/p>\n<p style=\"padding-left: 80px;\">Rvdo. P. D. Jos\u00e9 Mart\u00edn P\u00e9rez (Presidente)<\/p>\n<p style=\"padding-left: 80px;\">Manuel Bendala L\u00f3pez<\/p>\n<p style=\"padding-left: 80px;\">Jos\u00e9 Antonio Navarro Arteaga<\/p>\n<p style=\"padding-left: 80px;\">Jes\u00fas Medrano Cabrerizo<\/p>\n<p style=\"padding-left: 80px;\">Antonia Vargas Albarrac\u00edn<\/p>\n<p style=\"padding-left: 80px;\">Sara Fern\u00e1ndez Medina<\/p>\n<p>&nbsp;<\/p>\n<p style=\"padding-left: 40px;\">Junta Coordinadora (14 de diciembre de 1998)<\/p>\n<p style=\"padding-left: 80px;\">Rvdo. P. D. Jos\u00e9 Mart\u00edn P\u00e9rez (Presidente)<\/p>\n<p style=\"padding-left: 80px;\">Manuel Bendala L\u00f3pez<\/p>\n<p style=\"padding-left: 80px;\">Francisco Javier Aguilar Carrasco<\/p>\n<p style=\"padding-left: 80px;\">Antonio Navarro Mor\u00e1n<\/p>\n<p style=\"padding-left: 80px;\">Andr\u00e9s Vela P\u00e9rez<\/p>\n<p style=\"padding-left: 80px;\">Juan Jos\u00e9 S\u00e1nchez Moro<\/p>\n<p>&nbsp;<\/p>\n<p style=\"text-align: justify;\">3.<strong>Agrupaci\u00f3n Parroquial de Oraci\u00f3n, Penitencia y Caridad de Ntra. Sra. del Buen Aire, Stmo. Cristo de Pasi\u00f3n y Muerte, Resurrecci\u00f3n de Ntro. Se\u00f1or y Ntra. Sra. del Desconsuelo y Visitaci\u00f3n<\/strong>. (Parroquia de Ntra. Sra. del Buen Aire)<\/p>\n<p style=\"padding-left: 40px;\">Junta de Gobierno (28 de mayo de 2001)<\/p>\n<p style=\"padding-left: 80px;\">Presidente: Rvdo. P. D. Jos\u00e9 Mar\u00eda V\u00e1zquez Soto (P\u00e1rroco)<\/p>\n<p style=\"padding-left: 80px;\">Vicepresidente: Agust\u00edn Bl\u00e1zquez Olmedo<\/p>\n<p style=\"padding-left: 80px;\">Secretario y Diputado Mayor: Antonio Mart\u00edn Manzano<\/p>\n<p style=\"padding-left: 80px;\">Diputado de Cultos: Antonio Navarro Mor\u00e1n<\/p>\n<p style=\"padding-left: 80px;\">Prioste: Alejandro Domingo Mart\u00ednez<\/p>\n<p style=\"padding-left: 80px;\">Censor\/Fiscal: Francisco Garc\u00eda Aguilar<\/p>\n<p style=\"padding-left: 80px;\">Conciliario 1\u00ba: Manuel Bendala L\u00f3pez<\/p>\n<p style=\"padding-left: 80px;\">Conciliario 2\u00ba: Carlos Prat Gonz\u00e1lez<\/p>\n<p style=\"padding-left: 80px;\">Conciliario 3\u00ba: Marcial Mart\u00ednez Morales<\/p>\n<p style=\"padding-left: 80px;\">Conciliario 4\u00ba: Francisco Javier Aguilar Carrasco<\/p>\n<p>&nbsp;<\/p>\n<p><img fetchpriority=\"high\" decoding=\"async\" class=\"aligncenter size-large wp-image-2542\" src=\"https:\/\/hermandadpasionymuerte.es\/wp-content\/uploads\/2025\/05\/Captura-de-pantalla-2025-05-02-a-las-12.58.21-1024x645.png\" alt=\"\" width=\"1024\" height=\"645\" srcset=\"https:\/\/hermandadpasionymuerte.es\/wp-content\/uploads\/2025\/05\/Captura-de-pantalla-2025-05-02-a-las-12.58.21-1024x645.png 1024w, https:\/\/hermandadpasionymuerte.es\/wp-content\/uploads\/2025\/05\/Captura-de-pantalla-2025-05-02-a-las-12.58.21-300x189.png 300w, https:\/\/hermandadpasionymuerte.es\/wp-content\/uploads\/2025\/05\/Captura-de-pantalla-2025-05-02-a-las-12.58.21-768x484.png 768w, https:\/\/hermandadpasionymuerte.es\/wp-content\/uploads\/2025\/05\/Captura-de-pantalla-2025-05-02-a-las-12.58.21.png 1498w\" sizes=\"(max-width: 1024px) 100vw, 1024px\" \/><\/p>\n<p style=\"padding-left: 40px;\">Junta de Gobierno (12 de noviembre de 2006)<\/p>\n<p style=\"padding-left: 80px;\">Presidente: Rvdo. P. D. Jos\u00e9 Mar\u00eda V\u00e1zquez Soto (P\u00e1rroco)<\/p>\n<p style=\"padding-left: 80px;\">Vicepresidente: Francisco Javier Aguilar Carrasco<\/p>\n<p style=\"padding-left: 80px;\">Mayordomo: Agust\u00edn Bl\u00e1zquez Olmedo<\/p>\n<p style=\"padding-left: 80px;\">Mayordomo 2\u00ba: Agust\u00edn Bl\u00e1zquez Gal\u00e1n<\/p>\n<p style=\"padding-left: 80px;\">Prioste: Jos\u00e9 Miguel Romero Garc\u00eda<\/p>\n<p style=\"padding-left: 80px;\">Fiscal: Antonio Navarro Mor\u00e1n<\/p>\n<p style=\"padding-left: 80px;\">Secretario: Jorge Rodr\u00edguez Morilla<\/p>\n<p style=\"padding-left: 80px;\">Secretario 2\u00ba: Hugo Vargas Mart\u00edn<\/p>\n<p style=\"padding-left: 80px;\">Consiliario: Enrique Luis Boleto Guisado<\/p>\n<p style=\"padding-left: 80px;\">Consiliario: Carlos Prat Gonz\u00e1lez<\/p>\n<p style=\"padding-left: 80px;\">Diputado Mayor de Gobierno: \u00c1ngel Medina Marg\u00fcenda<\/p>\n<p style=\"padding-left: 80px;\">Diputado de Cultos: Javier Mart\u00ednez Macarro<\/p>\n<p style=\"padding-left: 80px;\">Diputado de Caridad: Fernando Barr\u00f3n Tous<\/p>\n<p style=\"padding-left: 80px;\">Diputado de Formaci\u00f3n: Jos\u00e9 Luis Ruiz Mohedano<\/p>\n<p style=\"padding-left: 80px;\">Diputado de Juventud: Eusebio Ogaz\u00f3n Montes<\/p>\n<p>&nbsp;<\/p>\n<p style=\"padding-left: 40px;\">Junta de Gobierno (27 de junio de 2007)<\/p>\n<p style=\"padding-left: 80px;\">Presidente: Rvdo. P. D. Jos\u00e9 Mar\u00eda V\u00e1zquez Soto (P\u00e1rroco)<\/p>\n<p style=\"padding-left: 80px;\">Vicepresidente y Diputado Mayor de Gobierno: Antonio Mart\u00edn Manzano<\/p>\n<p style=\"padding-left: 80px;\">Conciliario 1\u00ba: Antonio S\u00e1nchez Alpa\u00f1ez<\/p>\n<p style=\"padding-left: 80px;\">Conciliario 2\u00ba: Alejandro Domingo Mart\u00ednez<\/p>\n<p style=\"padding-left: 80px;\">Conciliario 3\u00ba: Marcial Mart\u00ednez Morales<\/p>\n<p style=\"padding-left: 80px;\">Mayordomo: Manuel Pablo Rodr\u00edguez Rodr\u00edguez<\/p>\n<p style=\"padding-left: 80px;\">Secretario 1\u00ba: Alejandro Zanca Ruiz<\/p>\n<p style=\"padding-left: 80px;\">Secretario 2\u00ba: Alejandro Domingo Gonz\u00e1lez<\/p>\n<p style=\"padding-left: 80px;\">Prioste: V\u00edctor Manuel Castro S\u00e1nchez<\/p>\n<p style=\"padding-left: 80px;\">Diputado de Culto y Formaci\u00f3n: Pedro Pablo Gallardo Guti\u00e9rrez<\/p>\n<p>&nbsp;<\/p>\n<p style=\"text-align: justify;\">4.<strong>Hermandad de Santa Maria del Buen Aire y Cofrad\u00eda de Nazarenos del Stmo. Cristo de Pasi\u00f3n y Muerte, Resurrecci\u00f3n de Ntro. Se\u00f1or y Ntra. Sra. del Desconsuelo y Visitaci\u00f3n.<\/strong> (Parroquia de Ntra. Sra. del Buen Aire)<\/p>\n<p>&nbsp;<\/p>\n<p><img decoding=\"async\" class=\"aligncenter size-large wp-image-2538\" src=\"https:\/\/hermandadpasionymuerte.es\/wp-content\/uploads\/2025\/05\/DSC_0108-1024x682.jpg\" alt=\"\" width=\"1024\" height=\"682\" srcset=\"https:\/\/hermandadpasionymuerte.es\/wp-content\/uploads\/2025\/05\/DSC_0108-1024x682.jpg 1024w, https:\/\/hermandadpasionymuerte.es\/wp-content\/uploads\/2025\/05\/DSC_0108-300x200.jpg 300w, https:\/\/hermandadpasionymuerte.es\/wp-content\/uploads\/2025\/05\/DSC_0108-768x512.jpg 768w, https:\/\/hermandadpasionymuerte.es\/wp-content\/uploads\/2025\/05\/DSC_0108-1536x1023.jpg 1536w, https:\/\/hermandadpasionymuerte.es\/wp-content\/uploads\/2025\/05\/DSC_0108.jpg 1600w\" sizes=\"(max-width: 1024px) 100vw, 1024px\" \/><\/p>\n<p style=\"padding-left: 40px;\">Junta de Gobierno (CGE, 4 de noviembre de 2011)<\/p>\n<p style=\"padding-left: 80px;\">Director Espiritual: Rvdo. P. D. Miguel \u00c1ngel Bernal Rodr\u00edguez (P\u00e1rroco)<\/p>\n<p style=\"padding-left: 80px;\">Hermano Mayor: Antonio Mart\u00edn Manzano<\/p>\n<p style=\"padding-left: 80px;\">Teniente de Hermano Mayor: V\u00edctor Manuel Castro S\u00e1nchez<\/p>\n<p style=\"padding-left: 80px;\">Fiscal: Marcial Mart\u00ednez Morales<\/p>\n<p style=\"padding-left: 80px;\">Mayordomo: Nuria Guti\u00e9rrez Mar\u00edn<\/p>\n<p style=\"padding-left: 80px;\">Secretario 1\u00ba: Jos\u00e9 Javier Ib\u00e1\u00f1ez Guill\u00e9n<\/p>\n<p style=\"padding-left: 80px;\">Secretario 2\u00ba: Rafael Romero Mart\u00edn<\/p>\n<p style=\"padding-left: 80px;\">Diputado de Culto y Formaci\u00f3n: Manuel Pablo Rodr\u00edguez Rodr\u00edguez<\/p>\n<p style=\"padding-left: 80px;\">Diputado de Caridad: Hugo Fag\u00e9s Mar\u00edn<\/p>\n<p style=\"padding-left: 80px;\">Prioste: Rodolfo de la Vega Torres<\/p>\n<p style=\"padding-left: 80px;\">Conciliario 1\u00ba: Vladimiro Jos\u00e9 Vizuete Soto<\/p>\n<p style=\"padding-left: 80px;\">Conciliario 2\u00ba: Jos\u00e9 Francisco Gonz\u00e1lez Garrido<\/p>\n<p>&nbsp;<\/p>\n<p style=\"padding-left: 40px;\">Junta de Gobierno (Modificaci\u00f3n, 11 de junio de 2013)<\/p>\n<p style=\"padding-left: 80px;\">Director Espiritual: Rvdo. P. D. Miguel \u00c1ngel Bernal Rodr\u00edguez (P\u00e1rroco)<\/p>\n<p style=\"padding-left: 80px;\">Hermano Mayor: Antonio Mart\u00edn Manzano<\/p>\n<p style=\"padding-left: 80px;\">Teniente de Hermano Mayor: V\u00edctor Manuel Castro S\u00e1nchez<\/p>\n<p style=\"padding-left: 80px;\">Fiscal: Marcial Mart\u00ednez Morales<\/p>\n<p style=\"padding-left: 80px;\">Mayordomo: Nuria Guti\u00e9rrez Mar\u00edn<\/p>\n<p style=\"padding-left: 80px;\">Secretario 1\u00ba: Jos\u00e9 Javier Ib\u00e1\u00f1ez Guill\u00e9n<\/p>\n<p style=\"padding-left: 80px;\">Secretario 2\u00ba: Rafael Romero Mart\u00edn<\/p>\n<p style=\"padding-left: 80px;\">Diputado de Culto y Formaci\u00f3n: Manuel Pablo Rodr\u00edguez Rodr\u00edguez<\/p>\n<p style=\"padding-left: 80px;\">Diputado de Caridad: Hugo Fag\u00e9s Mar\u00edn<\/p>\n<p style=\"padding-left: 80px;\">Prioste 1\u00ba: Diego Manuel Barrada Ortiz<\/p>\n<p style=\"padding-left: 80px;\">Prioste 2\u00ba: Rodolfo de la Vega Torres<\/p>\n<p style=\"padding-left: 80px;\">Conciliario 1\u00ba: Vladimiro Jos\u00e9 Vizuete Soto<\/p>\n<p>&nbsp;<\/p>\n<p><img decoding=\"async\" class=\"aligncenter size-large wp-image-2539\" src=\"https:\/\/hermandadpasionymuerte.es\/wp-content\/uploads\/2025\/05\/DSC_0045-1024x557.jpg\" alt=\"\" width=\"1024\" height=\"557\" srcset=\"https:\/\/hermandadpasionymuerte.es\/wp-content\/uploads\/2025\/05\/DSC_0045-1024x557.jpg 1024w, https:\/\/hermandadpasionymuerte.es\/wp-content\/uploads\/2025\/05\/DSC_0045-300x163.jpg 300w, https:\/\/hermandadpasionymuerte.es\/wp-content\/uploads\/2025\/05\/DSC_0045-768x418.jpg 768w, https:\/\/hermandadpasionymuerte.es\/wp-content\/uploads\/2025\/05\/DSC_0045-1536x836.jpg 1536w, https:\/\/hermandadpasionymuerte.es\/wp-content\/uploads\/2025\/05\/DSC_0045.jpg 1600w\" sizes=\"(max-width: 1024px) 100vw, 1024px\" \/><\/p>\n<p style=\"padding-left: 40px;\">Junta de Gobierno (CGE, 21 de noviembre de 2014)<\/p>\n<p style=\"padding-left: 80px;\">Director Espiritual: Rvdo. P. D. Miguel \u00c1ngel Bernal Rodr\u00edguez (P\u00e1rroco)<\/p>\n<p style=\"padding-left: 80px;\">Hermano Mayor: Antonio Mart\u00edn Manzano<\/p>\n<p style=\"padding-left: 80px;\">Teniente de Hermano Mayor: Manuel Pablo Rodr\u00edguez Rodr\u00edguez<\/p>\n<p style=\"padding-left: 80px;\">Fiscal: Marcial Mart\u00ednez Morales<\/p>\n<p style=\"padding-left: 80px;\">Secretario 1\u00ba: Vladimiro Jos\u00e9 Vizuete Soto<\/p>\n<p style=\"padding-left: 80px;\">Mayordomo: Rafael Romero Mart\u00edn<\/p>\n<p style=\"padding-left: 80px;\">Diputado de Caridad: Antonio Rodr\u00edguez Rodr\u00edguez<\/p>\n<p style=\"padding-left: 80px;\">Prioste 1\u00ba: Rodolfo de la Vega Torres<\/p>\n<p style=\"padding-left: 80px;\">Prioste 2\u00ba: V\u00edctor Manuel Castro S\u00e1nchez<\/p>\n<p style=\"padding-left: 80px;\">Diputado de Culto y Formaci\u00f3n: Jos\u00e9 Enrique Romero R\u00edos<\/p>\n<p style=\"padding-left: 80px;\">Conciliario 1\u00ba: Jos\u00e9 Javier Ib\u00e1\u00f1ez Guill\u00e9n<\/p>\n<p>&nbsp;<\/p>\n<p style=\"padding-left: 40px;\">Junta de Gobierno (Modificaci\u00f3n, 19 de enero de 2015)<\/p>\n<p style=\"padding-left: 80px;\">Director Espiritual: Rvdo. P. D. Miguel \u00c1ngel Bernal Rodr\u00edguez (P\u00e1rroco)<\/p>\n<p style=\"padding-left: 80px;\">Hermano Mayor: Antonio Mart\u00edn Manzano<\/p>\n<p style=\"padding-left: 80px;\">Teniente de Hermano Mayor: Manuel Pablo Rodr\u00edguez Rodr\u00edguez<\/p>\n<p style=\"padding-left: 80px;\">Fiscal: Marcial Mart\u00ednez Morales<\/p>\n<p style=\"padding-left: 80px;\">Secretaria 1\u00ba: Mar\u00eda Nieves Romero Moreno<\/p>\n<p style=\"padding-left: 80px;\">Secretario 2\u00ba: Jes\u00fas Estepa Maillo<\/p>\n<p style=\"padding-left: 80px;\">Mayordomo: Rafael Romero Mart\u00edn<\/p>\n<p style=\"padding-left: 80px;\">Diputado de Caridad: Antonio Rodr\u00edguez Rodr\u00edguez<\/p>\n<p style=\"padding-left: 80px;\">Prioste 1\u00ba: Rodolfo de la Vega Torres<\/p>\n<p style=\"padding-left: 80px;\">Prioste 2\u00ba: V\u00edctor Manuel Castro S\u00e1nchez<\/p>\n<p style=\"padding-left: 80px;\">Diputado de Culto y Formaci\u00f3n: Jos\u00e9 Enrique Romero R\u00edos<\/p>\n<p style=\"padding-left: 80px;\">Conciliario 1\u00ba: Jos\u00e9 Javier Ib\u00e1\u00f1ez Guill\u00e9n<\/p>\n<p>&nbsp;<\/p>\n<p style=\"padding-left: 40px;\">Junta de Gobierno (Modificaci\u00f3n, 21 de noviembre de 2016)<\/p>\n<p style=\"padding-left: 80px;\">Director Espiritual: Rvdo. P. D. Miguel \u00c1ngel Bernal Rodr\u00edguez (P\u00e1rroco)<\/p>\n<p style=\"padding-left: 80px;\">Hermano Mayor: Antonio Mart\u00edn Manzano<\/p>\n<p style=\"padding-left: 80px;\">Teniente de Hermano Mayor: Manuel Pablo Rodr\u00edguez Rodr\u00edguez<\/p>\n<p style=\"padding-left: 80px;\">Fiscal: Marcial Mart\u00ednez Morales<\/p>\n<p style=\"padding-left: 80px;\">Secretario 1\u00ba: Francisco Javier Le\u00f3n Lozano del Castillo<\/p>\n<p style=\"padding-left: 80px;\">Mayordomo: Rafael Romero Mart\u00edn<\/p>\n<p style=\"padding-left: 80px;\">Diputado de Caridad: Antonio Rodr\u00edguez Rodr\u00edguez<\/p>\n<p style=\"padding-left: 80px;\">Prioste 1\u00ba: Rodolfo de la Vega Torres<\/p>\n<p style=\"padding-left: 80px;\">Prioste 2\u00ba: V\u00edctor Manuel Castro S\u00e1nchez<\/p>\n<p style=\"padding-left: 80px;\">Diputado de Culto y Formaci\u00f3n: Jos\u00e9 Enrique Romero R\u00edos<\/p>\n<p style=\"padding-left: 80px;\">Conciliario 1\u00ba: Jos\u00e9 Javier Ib\u00e1\u00f1ez Guill\u00e9n<\/p>\n<p>&nbsp;<\/p>\n<p><img loading=\"lazy\" decoding=\"async\" class=\"aligncenter size-full wp-image-2540\" src=\"https:\/\/hermandadpasionymuerte.es\/wp-content\/uploads\/2025\/05\/25507968_940301739479971_8492665915965162679_n.jpg\" alt=\"\" width=\"960\" height=\"686\" srcset=\"https:\/\/hermandadpasionymuerte.es\/wp-content\/uploads\/2025\/05\/25507968_940301739479971_8492665915965162679_n.jpg 960w, https:\/\/hermandadpasionymuerte.es\/wp-content\/uploads\/2025\/05\/25507968_940301739479971_8492665915965162679_n-300x214.jpg 300w, https:\/\/hermandadpasionymuerte.es\/wp-content\/uploads\/2025\/05\/25507968_940301739479971_8492665915965162679_n-768x549.jpg 768w\" sizes=\"(max-width: 960px) 100vw, 960px\" \/><\/p>\n<p style=\"padding-left: 40px;\">Junta de Gobierno (CGE, 24 de noviembre de 2017)<\/p>\n<p style=\"padding-left: 80px;\">Director Espiritual: Rvdo. P. D. Borja N\u00fa\u00f1ez Delgado (P\u00e1rroco)<\/p>\n<p style=\"padding-left: 80px;\">Hermano Mayor: Jos\u00e9 Javier Ib\u00e1\u00f1ez Guill\u00e9n<\/p>\n<p style=\"padding-left: 80px;\">Teniente de Hermano Mayor: Manuel Pablo Rodr\u00edguez Rodr\u00edguez<\/p>\n<p style=\"padding-left: 80px;\">Conciliario 1\u00ba: Rafael Romero Mart\u00edn<\/p>\n<p style=\"padding-left: 80px;\">Conciliario 2\u00ba: Marcial Mart\u00ednez Morales<\/p>\n<p style=\"padding-left: 80px;\">Fiscal: Rafael Mar\u00eda Romero Trivi\u00f1o<\/p>\n<p style=\"padding-left: 80px;\">Mayordomo 1\u00ba: Antonio Rodr\u00edguez Rodr\u00edguez<\/p>\n<p style=\"padding-left: 80px;\">Mayordomo 2\u00ba: Jos\u00e9 Recuero Baeza<\/p>\n<p style=\"padding-left: 80px;\">Secretario 1\u00ba: Jos\u00e9 Enrique Romero R\u00edos<\/p>\n<p style=\"padding-left: 80px;\">Secretaria 2\u00ba: Marta Lorite Enterr\u00eda<\/p>\n<p style=\"padding-left: 80px;\">Prioste 1\u00ba: V\u00edctor Manuel Castro S\u00e1nchez<\/p>\n<p style=\"padding-left: 80px;\">Prioste 2\u00ba: Rodolfo de la Vega Torres<\/p>\n<p style=\"padding-left: 80px;\">Diputado de Culto y Formaci\u00f3n: Jos\u00e9 Antonio Rosales Santana<\/p>\n<p style=\"padding-left: 80px;\">Diputado de Caridad: Francisco Javier Le\u00f3n Lozano del Castillo<\/p>\n<p>&nbsp;<\/p>\n<p><img loading=\"lazy\" decoding=\"async\" class=\"aligncenter size-large wp-image-2541\" src=\"https:\/\/hermandadpasionymuerte.es\/wp-content\/uploads\/2025\/05\/PHOTO-2021-11-18-23-45-22-1024x601.jpg\" alt=\"\" width=\"1024\" height=\"601\" srcset=\"https:\/\/hermandadpasionymuerte.es\/wp-content\/uploads\/2025\/05\/PHOTO-2021-11-18-23-45-22-1024x601.jpg 1024w, https:\/\/hermandadpasionymuerte.es\/wp-content\/uploads\/2025\/05\/PHOTO-2021-11-18-23-45-22-300x176.jpg 300w, https:\/\/hermandadpasionymuerte.es\/wp-content\/uploads\/2025\/05\/PHOTO-2021-11-18-23-45-22-768x451.jpg 768w, https:\/\/hermandadpasionymuerte.es\/wp-content\/uploads\/2025\/05\/PHOTO-2021-11-18-23-45-22-1536x902.jpg 1536w, https:\/\/hermandadpasionymuerte.es\/wp-content\/uploads\/2025\/05\/PHOTO-2021-11-18-23-45-22.jpg 1609w\" sizes=\"(max-width: 1024px) 100vw, 1024px\" \/><\/p>\n<p style=\"padding-left: 40px;\">Junta de Gobierno (CGE, 6 de noviembre de 2021)<\/p>\n<p style=\"padding-left: 80px;\">Director Espiritual: Muy Iltre. Sr. D. Borja N\u00fa\u00f1ez Delgado (P\u00e1rroco y can\u00f3nigo de la S.M.P.I. Catedral de Sevilla)<\/p>\n<p style=\"padding-left: 80px;\">Hermano Mayor: Jos\u00e9 Javier Ib\u00e1\u00f1ez Guill\u00e9n<\/p>\n<p style=\"padding-left: 80px;\">Teniente de Hermano Mayor: Rafael Mar\u00eda Romero Trivi\u00f1o<\/p>\n<p style=\"padding-left: 80px;\">Conciliario 1\u00ba: Rafael Romero Mart\u00edn<\/p>\n<p style=\"padding-left: 80px;\">Conciliario 2\u00ba: Marcial Mart\u00ednez Morales<\/p>\n<p style=\"padding-left: 80px;\">Fiscal: Manuel Pablo Rodr\u00edguez Rodr\u00edguez<\/p>\n<p style=\"padding-left: 80px;\">Mayordomo 1\u00ba: Antonio Rodr\u00edguez Rodr\u00edguez<\/p>\n<p style=\"padding-left: 80px;\">Mayordomo 2\u00ba: Jos\u00e9 Recuero Baeza<\/p>\n<p style=\"padding-left: 80px;\">Secretario 1\u00ba: Jos\u00e9 Enrique Romero R\u00edos<\/p>\n<p style=\"padding-left: 80px;\">Secretario 2\u00ba: \u00c1ngel H\u00e9ctor Rodr\u00edguez Garc\u00eda<\/p>\n<p style=\"padding-left: 80px;\">Prioste 1\u00ba: Rodolfo de la Vega Torres<\/p>\n<p style=\"padding-left: 80px;\">Prioste 2\u00ba: V\u00edctor Manuel Castro S\u00e1nchez<\/p>\n<p style=\"padding-left: 80px;\">Diputada de Culto y Formaci\u00f3n: Aurora Romero Mart\u00edn<\/p>\n<p style=\"padding-left: 80px;\">Diputado de Caridad: Alberto Moya Cabezas<\/p>\n","protected":false},"excerpt":{"rendered":"<p>Son muchos los hermanos que han pertenecido al Gobierno de nuestra Corporaci\u00f3n, impuls\u00e1ndola y trabajando para sus miembros. Es por [&hellip;]<\/p>\n","protected":false},"author":2,"featured_media":0,"parent":0,"menu_order":0,"comment_status":"closed","ping_status":"closed","template":"","meta":{"site-sidebar-layout":"default","site-content-layout":"","ast-site-content-layout":"default","site-content-style":"default","site-sidebar-style":"default","ast-global-header-display":"","ast-banner-title-visibility":"","ast-main-header-display":"","ast-hfb-above-header-display":"","ast-hfb-below-header-display":"","ast-hfb-mobile-header-display":"","site-post-title":"","ast-breadcrumbs-content":"","ast-featured-img":"","footer-sml-layout":"","ast-disable-related-posts":"","theme-transparent-header-meta":"default","adv-header-id-meta":"","stick-header-meta":"","header-above-stick-meta":"","header-main-stick-meta":"","header-below-stick-meta":"","astra-migrate-meta-layouts":"set","ast-page-background-enabled":"default","ast-page-background-meta":{"desktop":{"background-color":"var(--ast-global-color-5)","background-image":"","background-repeat":"repeat","background-position":"center center","background-size":"auto","background-attachment":"scroll","background-type":"","background-media":"","overlay-type":"","overlay-color":"","overlay-opacity":"","overlay-gradient":""},"tablet":{"background-color":"","background-image":"","background-repeat":"repeat","background-position":"center center","background-size":"auto","background-attachment":"scroll","background-type":"","background-media":"","overlay-type":"","overlay-color":"","overlay-opacity":"","overlay-gradient":""},"mobile":{"background-color":"","background-image":"","background-repeat":"repeat","background-position":"center center","background-size":"auto","background-attachment":"scroll","background-type":"","background-media":"","overlay-type":"","overlay-color":"","overlay-opacity":"","overlay-gradient":""}},"ast-content-background-meta":{"desktop":{"background-color":"var(--ast-global-color-4)","background-image":"","background-repeat":"repeat","background-position":"center center","background-size":"auto","background-attachment":"scroll","background-type":"","background-media":"","overlay-type":"","overlay-color":"","overlay-opacity":"","overlay-gradient":""},"tablet":{"background-color":"var(--ast-global-color-4)","background-image":"","background-repeat":"repeat","background-position":"center center","background-size":"auto","background-attachment":"scroll","background-type":"","background-media":"","overlay-type":"","overlay-color":"","overlay-opacity":"","overlay-gradient":""},"mobile":{"background-color":"var(--ast-global-color-4)","background-image":"","background-repeat":"repeat","background-position":"center center","background-size":"auto","background-attachment":"scroll","background-type":"","background-media":"","overlay-type":"","overlay-color":"","overlay-opacity":"","overlay-gradient":""}},"footnotes":""},"class_list":["post-2532","page","type-page","status-publish","hentry"],"_links":{"self":[{"href":"https:\/\/hermandadpasionymuerte.es\/index.php?rest_route=\/wp\/v2\/pages\/2532","targetHints":{"allow":["GET"]}}],"collection":[{"href":"https:\/\/hermandadpasionymuerte.es\/index.php?rest_route=\/wp\/v2\/pages"}],"about":[{"href":"https:\/\/hermandadpasionymuerte.es\/index.php?rest_route=\/wp\/v2\/types\/page"}],"author":[{"embeddable":true,"href":"https:\/\/hermandadpasionymuerte.es\/index.php?rest_route=\/wp\/v2\/users\/2"}],"replies":[{"embeddable":true,"href":"https:\/\/hermandadpasionymuerte.es\/index.php?rest_route=%2Fwp%2Fv2%2Fcomments&post=2532"}],"version-history":[{"count":7,"href":"https:\/\/hermandadpasionymuerte.es\/index.php?rest_route=\/wp\/v2\/pages\/2532\/revisions"}],"predecessor-version":[{"id":2548,"href":"https:\/\/hermandadpasionymuerte.es\/index.php?rest_route=\/wp\/v2\/pages\/2532\/revisions\/2548"}],"wp:attachment":[{"href":"https:\/\/hermandadpasionymuerte.es\/index.php?rest_route=%2Fwp%2Fv2%2Fmedia&parent=2532"}],"curies":[{"name":"wp","href":"https:\/\/api.w.org\/{rel}","templated":true}]}}